{"id":4659,"date":"2025-03-31T18:18:30","date_gmt":"2025-03-31T16:18:30","guid":{"rendered":"https:\/\/www.studiobianconi.it\/?page_id=4659"},"modified":"2025-03-31T18:42:04","modified_gmt":"2025-03-31T16:42:04","slug":"idr-technik","status":"publish","type":"page","link":"https:\/\/www.studiobianconi.it\/de\/zahnaerztliche-dienstleistungen-behandlungen\/implantologie\/idr-technik\/","title":{"rendered":"IDR-Technik"},"content":{"rendered":"<div class=\"wpb-content-wrapper\">[vc_row row_title=&#8220;HEADER&#8220;][vc_column][vc_single_image image=&#8220;4053&#8243;][\/vc_column][\/vc_row][vc_row tablet_fullwidth_cols=&#8220;&#8220; center_row=&#8220;&#8220;][vc_column][vc_column_text css=&#8220;&#8220;]\n<h3 style=\"text-align: justify;\"><span style=\"color: #2b4d74;\"><strong>Sofort nach einer Zahnentfernung l\u00e4cheln zu k\u00f6nnen ohne dass es jemand bemerkt, ist nur m\u00f6glich, wenn\u2026<\/strong><\/span><\/h3>\n<ul>\n<li>der Zahn entfernt wird, ohne den umliegenden Knochen zu besch\u00e4digen<\/li>\n<li>das Implantat so eingesetzt wird, dass die \u00c4sthetik erhalten bleibt<\/li>\n<li>ein Knochenaufbau durchgef\u00fchrt wird, wo es n\u00f6tig ist<\/li>\n<li>eine provisorische Krone eingesetzt wird, die sich unauff\u00e4llig anpasst und das gleiche Zahnfleischprofil bewahrt<\/li>\n<li>Das alles in einer einzigen Sitzung.<\/li>\n<\/ul>\n<p>Die IDR-Technik vereint all diese Merkmale und erm\u00f6glicht es, selbst die anspruchsvollsten \u00e4sthetischen Probleme in nur einer Sitzung brillant zu l\u00f6sen.<br \/>\nWenn das Implantat in derselben Sitzung wie die Zahnentfernung eingesetzt wird, spricht man von einer <strong>sofortigen postextraktiven Technik<\/strong> bei der oft eine festsitzende provisorische Krone angefertigt wird. Die Vorteile \u2013 k\u00fcrzere Behandlungszeiten, ein einziger chirurgischer Eingriff und der Verzicht auf herausnehmbare Provisorien \u2013 machen sie zur bevorzugten Wahl f\u00fcr Patienten, insbesondere im \u00e4sthetisch sensiblen Frontzahnbereich.<br \/>\nEine Weiterentwicklung dieser Technik stellt die <strong>IDR TECHNIQUE (Immediate Dentoalveolar Restoration)<\/strong> dar. Sie erm\u00f6glicht es, auch komplizierte F\u00e4lle mit bestehenden oder durch die Extraktion entstandenen Knochendefekten in nur einer Sitzung zu l\u00f6sen. Durch die Kombination mit einem kleinen Knochentransplantat verbessert sie erheblich die Stabilit\u00e4t des Implantats, den postoperativen Heilungsverlauf in Bezug auf Schmerzen und erm\u00f6glicht eine sofortige \u00e4sthetische Wiederherstellung.[\/vc_column_text][\/vc_column][\/vc_row][vc_row column_spacing=&#8220;0px&#8220; center_row=&#8220;yes&#8220; row_title=&#8220;3 FOTO | DESKTOP&#8220; visibility=&#8220;hidden-phone&#8220;][vc_column padding_left=&#8220;5px&#8220; padding_right=&#8220;5px&#8220; width=&#8220;1\/3&#8243;][vc_single_image image=&#8220;3932&#8243; css=&#8220;.vc_custom_1701358264783{margin-top: -10px !important;margin-bottom: -10px !important;}&#8220;][\/vc_column][vc_column padding_left=&#8220;5px&#8220; padding_right=&#8220;5px&#8220; width=&#8220;1\/3&#8243;][vc_single_image image=&#8220;4613&#8243; css=&#8220;.vc_custom_1742822277952{margin-top: -10px !important;margin-bottom: -10px !important;padding-right: 0px !important;padding-left: 0px !important;}&#8220;][\/vc_column][vc_column padding_left=&#8220;5px&#8220; padding_right=&#8220;5px&#8220; width=&#8220;1\/3&#8243;][vc_single_image image=&#8220;3934&#8243; css=&#8220;.vc_custom_1701358287753{margin-top: -10px !important;margin-bottom: -10px !important;}&#8220;][\/vc_column][\/vc_row][vc_row column_spacing=&#8220;0px&#8220; center_row=&#8220;yes&#8220; row_title=&#8220;3 FOTO | &lt; TABLET&#8220; visibility=&#8220;visible-phone&#8220;][vc_column padding_left=&#8220;5px&#8220; padding_right=&#8220;5px&#8220;][vc_single_image image=&#8220;3932&#8243; alignment=&#8220;center&#8220; css=&#8220;.vc_custom_1742823004323{margin-top: -10px !important;margin-bottom: 10px !important;}&#8220;][vc_single_image image=&#8220;4613&#8243; alignment=&#8220;center&#8220; css=&#8220;.vc_custom_1742822924822{margin-bottom: 10px !important;padding-right: 0px !important;padding-left: 0px !important;}&#8220;][vc_single_image image=&#8220;3934&#8243; alignment=&#8220;center&#8220; css=&#8220;&#8220;][\/vc_column][\/vc_row][vc_row center_row=&#8220;yes&#8220;][vc_column margin_top=&#8220;30px&#8220;][vc_column_text css=&#8220;&#8220;]Die echte <strong>IDR-Technik<\/strong> wurde 2014 von <strong>Dr. Juan Carlos Martins da Rosa<\/strong> (Brasilien) entwickelt und wird aufgrund ihrer technischen Herausforderungen bisher nur selten angewandt. Dennoch z\u00e4hlt sie zu den derzeit effektivsten Methoden, um \u00e4sthetische Probleme nach Zahnextraktionen im Frontzahnbereich zu l\u00f6sen.[\/vc_column_text][\/vc_column][\/vc_row]\n<\/div>","protected":false},"excerpt":{"rendered":"<p>[vc_row row_title=&#8220;HEADER&#8220;][vc_column][vc_single_image image=&#8220;4053&#8243;][\/vc_column][\/vc_row][vc_row tablet_fullwidth_cols=&#8220;&#8220; center_row=&#8220;&#8220;][vc_column][vc_column_text css=&#8220;&#8220;] Sofort nach einer Zahnentfernung l\u00e4cheln zu k\u00f6nnen ohne dass es jemand bemerkt, ist nur m\u00f6glich, wenn\u2026 der Zahn entfernt wird, ohne den umliegenden Knochen zu besch\u00e4digen das Implantat so eingesetzt wird, dass die \u00c4sthetik erhalten bleibt ein Knochenaufbau durchgef\u00fchrt wird, wo es n\u00f6tig ist eine provisorische Krone eingesetzt wird,&hellip;<\/p>\n","protected":false},"author":1,"featured_media":0,"parent":2668,"menu_order":0,"comment_status":"closed","ping_status":"closed","template":"","meta":{"footnotes":""},"class_list":["post-4659","page","type-page","status-publish","hentry","entry","no-media"],"yoast_head":"<!-- This site is optimized with the Yoast SEO plugin v26.5 - https:\/\/yoast.com\/wordpress\/plugins\/seo\/ -->\n<title>IDR-Technik - Studio Bianconi<\/title>\n<meta name=\"description\" content=\"Die IDR-Technik erm\u00f6glicht es, komplizierte F\u00e4lle mit bestehenden oder durch die Extraktion entstandenen Knochendefekten in nur einer Sitzung zu l\u00f6sen.\" \/>\n<meta name=\"robots\" content=\"index, follow, max-snippet:-1, max-image-preview:large, max-video-preview:-1\" \/>\n<link rel=\"canonical\" href=\"https:\/\/www.studiobianconi.it\/de\/zahnaerztliche-dienstleistungen-behandlungen\/implantologie\/idr-technik\/\" \/>\n<meta property=\"og:locale\" content=\"de_DE\" \/>\n<meta property=\"og:type\" content=\"article\" \/>\n<meta property=\"og:title\" content=\"IDR-Technik - Studio Bianconi\" \/>\n<meta property=\"og:description\" content=\"Die IDR-Technik erm\u00f6glicht es, komplizierte F\u00e4lle mit bestehenden oder durch die Extraktion entstandenen Knochendefekten in nur einer Sitzung zu l\u00f6sen.\" \/>\n<meta property=\"og:url\" content=\"https:\/\/www.studiobianconi.it\/de\/zahnaerztliche-dienstleistungen-behandlungen\/implantologie\/idr-technik\/\" \/>\n<meta property=\"og:site_name\" content=\"Studio Bianconi\" \/>\n<meta property=\"article:publisher\" content=\"http:\/\/www.facebook.com\/studiobianconi\" \/>\n<meta property=\"article:modified_time\" content=\"2025-03-31T16:42:04+00:00\" \/>\n<meta name=\"twitter:card\" content=\"summary_large_image\" \/>\n<meta name=\"twitter:label1\" content=\"Gesch\u00e4tzte Lesezeit\" \/>\n\t<meta name=\"twitter:data1\" content=\"2\u00a0Minuten\" \/>\n<script type=\"application\/ld+json\" class=\"yoast-schema-graph\">{\"@context\":\"https:\/\/schema.org\",\"@graph\":[{\"@type\":\"WebPage\",\"@id\":\"https:\/\/www.studiobianconi.it\/de\/zahnaerztliche-dienstleistungen-behandlungen\/implantologie\/idr-technik\/\",\"url\":\"https:\/\/www.studiobianconi.it\/de\/zahnaerztliche-dienstleistungen-behandlungen\/implantologie\/idr-technik\/\",\"name\":\"IDR-Technik - Studio Bianconi\",\"isPartOf\":{\"@id\":\"https:\/\/www.studiobianconi.it\/de\/#website\"},\"datePublished\":\"2025-03-31T16:18:30+00:00\",\"dateModified\":\"2025-03-31T16:42:04+00:00\",\"description\":\"Die IDR-Technik erm\u00f6glicht es, komplizierte F\u00e4lle mit bestehenden oder durch die Extraktion entstandenen Knochendefekten in nur einer Sitzung zu l\u00f6sen.\",\"breadcrumb\":{\"@id\":\"https:\/\/www.studiobianconi.it\/de\/zahnaerztliche-dienstleistungen-behandlungen\/implantologie\/idr-technik\/#breadcrumb\"},\"inLanguage\":\"de\",\"potentialAction\":[{\"@type\":\"ReadAction\",\"target\":[\"https:\/\/www.studiobianconi.it\/de\/zahnaerztliche-dienstleistungen-behandlungen\/implantologie\/idr-technik\/\"]}]},{\"@type\":\"BreadcrumbList\",\"@id\":\"https:\/\/www.studiobianconi.it\/de\/zahnaerztliche-dienstleistungen-behandlungen\/implantologie\/idr-technik\/#breadcrumb\",\"itemListElement\":[{\"@type\":\"ListItem\",\"position\":1,\"name\":\"Home\",\"item\":\"https:\/\/www.studiobianconi.it\/de\/\"},{\"@type\":\"ListItem\",\"position\":2,\"name\":\"Dienstleistungen\",\"item\":\"https:\/\/www.studiobianconi.it\/de\/zahnaerztliche-dienstleistungen-behandlungen\/\"},{\"@type\":\"ListItem\",\"position\":3,\"name\":\"Implantologie\",\"item\":\"https:\/\/www.studiobianconi.it\/de\/zahnaerztliche-dienstleistungen-behandlungen\/implantologie\/\"},{\"@type\":\"ListItem\",\"position\":4,\"name\":\"IDR-Technik\"}]},{\"@type\":\"WebSite\",\"@id\":\"https:\/\/www.studiobianconi.it\/de\/#website\",\"url\":\"https:\/\/www.studiobianconi.it\/de\/\",\"name\":\"Studio Bianconi\",\"description\":\"Studio Bianconi\",\"publisher\":{\"@id\":\"https:\/\/www.studiobianconi.it\/de\/#organization\"},\"potentialAction\":[{\"@type\":\"SearchAction\",\"target\":{\"@type\":\"EntryPoint\",\"urlTemplate\":\"https:\/\/www.studiobianconi.it\/de\/?s={search_term_string}\"},\"query-input\":{\"@type\":\"PropertyValueSpecification\",\"valueRequired\":true,\"valueName\":\"search_term_string\"}}],\"inLanguage\":\"de\"},{\"@type\":\"Organization\",\"@id\":\"https:\/\/www.studiobianconi.it\/de\/#organization\",\"name\":\"Studio Bianconi\",\"url\":\"https:\/\/www.studiobianconi.it\/de\/\",\"logo\":{\"@type\":\"ImageObject\",\"inLanguage\":\"de\",\"@id\":\"https:\/\/www.studiobianconi.it\/de\/#\/schema\/logo\/image\/\",\"url\":\"https:\/\/www.studiobianconi.it\/wp-content\/uploads\/2014\/11\/Logo-Bianconi-Finale-180x80.png\",\"contentUrl\":\"https:\/\/www.studiobianconi.it\/wp-content\/uploads\/2014\/11\/Logo-Bianconi-Finale-180x80.png\",\"width\":180,\"height\":77,\"caption\":\"Studio Bianconi\"},\"image\":{\"@id\":\"https:\/\/www.studiobianconi.it\/de\/#\/schema\/logo\/image\/\"},\"sameAs\":[\"http:\/\/www.facebook.com\/studiobianconi\",\"http:\/\/it.linkedin.com\/in\/bianconistefano\"]}]}<\/script>\n<!-- \/ Yoast SEO plugin. -->","yoast_head_json":{"title":"IDR-Technik - Studio Bianconi","description":"Die IDR-Technik erm\u00f6glicht es, komplizierte F\u00e4lle mit bestehenden oder durch die Extraktion entstandenen Knochendefekten in nur einer Sitzung zu l\u00f6sen.","robots":{"index":"index","follow":"follow","max-snippet":"max-snippet:-1","max-image-preview":"max-image-preview:large","max-video-preview":"max-video-preview:-1"},"canonical":"https:\/\/www.studiobianconi.it\/de\/zahnaerztliche-dienstleistungen-behandlungen\/implantologie\/idr-technik\/","og_locale":"de_DE","og_type":"article","og_title":"IDR-Technik - Studio Bianconi","og_description":"Die IDR-Technik erm\u00f6glicht es, komplizierte F\u00e4lle mit bestehenden oder durch die Extraktion entstandenen Knochendefekten in nur einer Sitzung zu l\u00f6sen.","og_url":"https:\/\/www.studiobianconi.it\/de\/zahnaerztliche-dienstleistungen-behandlungen\/implantologie\/idr-technik\/","og_site_name":"Studio Bianconi","article_publisher":"http:\/\/www.facebook.com\/studiobianconi","article_modified_time":"2025-03-31T16:42:04+00:00","twitter_card":"summary_large_image","twitter_misc":{"Gesch\u00e4tzte Lesezeit":"2\u00a0Minuten"},"schema":{"@context":"https:\/\/schema.org","@graph":[{"@type":"WebPage","@id":"https:\/\/www.studiobianconi.it\/de\/zahnaerztliche-dienstleistungen-behandlungen\/implantologie\/idr-technik\/","url":"https:\/\/www.studiobianconi.it\/de\/zahnaerztliche-dienstleistungen-behandlungen\/implantologie\/idr-technik\/","name":"IDR-Technik - Studio Bianconi","isPartOf":{"@id":"https:\/\/www.studiobianconi.it\/de\/#website"},"datePublished":"2025-03-31T16:18:30+00:00","dateModified":"2025-03-31T16:42:04+00:00","description":"Die IDR-Technik erm\u00f6glicht es, komplizierte F\u00e4lle mit bestehenden oder durch die Extraktion entstandenen Knochendefekten in nur einer Sitzung zu l\u00f6sen.","breadcrumb":{"@id":"https:\/\/www.studiobianconi.it\/de\/zahnaerztliche-dienstleistungen-behandlungen\/implantologie\/idr-technik\/#breadcrumb"},"inLanguage":"de","potentialAction":[{"@type":"ReadAction","target":["https:\/\/www.studiobianconi.it\/de\/zahnaerztliche-dienstleistungen-behandlungen\/implantologie\/idr-technik\/"]}]},{"@type":"BreadcrumbList","@id":"https:\/\/www.studiobianconi.it\/de\/zahnaerztliche-dienstleistungen-behandlungen\/implantologie\/idr-technik\/#breadcrumb","itemListElement":[{"@type":"ListItem","position":1,"name":"Home","item":"https:\/\/www.studiobianconi.it\/de\/"},{"@type":"ListItem","position":2,"name":"Dienstleistungen","item":"https:\/\/www.studiobianconi.it\/de\/zahnaerztliche-dienstleistungen-behandlungen\/"},{"@type":"ListItem","position":3,"name":"Implantologie","item":"https:\/\/www.studiobianconi.it\/de\/zahnaerztliche-dienstleistungen-behandlungen\/implantologie\/"},{"@type":"ListItem","position":4,"name":"IDR-Technik"}]},{"@type":"WebSite","@id":"https:\/\/www.studiobianconi.it\/de\/#website","url":"https:\/\/www.studiobianconi.it\/de\/","name":"Studio Bianconi","description":"Studio Bianconi","publisher":{"@id":"https:\/\/www.studiobianconi.it\/de\/#organization"},"potentialAction":[{"@type":"SearchAction","target":{"@type":"EntryPoint","urlTemplate":"https:\/\/www.studiobianconi.it\/de\/?s={search_term_string}"},"query-input":{"@type":"PropertyValueSpecification","valueRequired":true,"valueName":"search_term_string"}}],"inLanguage":"de"},{"@type":"Organization","@id":"https:\/\/www.studiobianconi.it\/de\/#organization","name":"Studio Bianconi","url":"https:\/\/www.studiobianconi.it\/de\/","logo":{"@type":"ImageObject","inLanguage":"de","@id":"https:\/\/www.studiobianconi.it\/de\/#\/schema\/logo\/image\/","url":"https:\/\/www.studiobianconi.it\/wp-content\/uploads\/2014\/11\/Logo-Bianconi-Finale-180x80.png","contentUrl":"https:\/\/www.studiobianconi.it\/wp-content\/uploads\/2014\/11\/Logo-Bianconi-Finale-180x80.png","width":180,"height":77,"caption":"Studio Bianconi"},"image":{"@id":"https:\/\/www.studiobianconi.it\/de\/#\/schema\/logo\/image\/"},"sameAs":["http:\/\/www.facebook.com\/studiobianconi","http:\/\/it.linkedin.com\/in\/bianconistefano"]}]}},"_links":{"self":[{"href":"https:\/\/www.studiobianconi.it\/de\/wp-json\/wp\/v2\/pages\/4659","targetHints":{"allow":["GET"]}}],"collection":[{"href":"https:\/\/www.studiobianconi.it\/de\/wp-json\/wp\/v2\/pages"}],"about":[{"href":"https:\/\/www.studiobianconi.it\/de\/wp-json\/wp\/v2\/types\/page"}],"author":[{"embeddable":true,"href":"https:\/\/www.studiobianconi.it\/de\/wp-json\/wp\/v2\/users\/1"}],"replies":[{"embeddable":true,"href":"https:\/\/www.studiobianconi.it\/de\/wp-json\/wp\/v2\/comments?post=4659"}],"version-history":[{"count":1,"href":"https:\/\/www.studiobianconi.it\/de\/wp-json\/wp\/v2\/pages\/4659\/revisions"}],"predecessor-version":[{"id":4661,"href":"https:\/\/www.studiobianconi.it\/de\/wp-json\/wp\/v2\/pages\/4659\/revisions\/4661"}],"up":[{"embeddable":true,"href":"https:\/\/www.studiobianconi.it\/de\/wp-json\/wp\/v2\/pages\/2668"}],"wp:attachment":[{"href":"https:\/\/www.studiobianconi.it\/de\/wp-json\/wp\/v2\/media?parent=4659"}],"curies":[{"name":"wp","href":"https:\/\/api.w.org\/{rel}","templated":true}]}}