{"id":2729,"date":"2015-08-13T12:32:53","date_gmt":"2015-08-13T10:32:53","guid":{"rendered":"http:\/\/studiobianconi.it\/?page_id=2729"},"modified":"2015-08-25T16:55:46","modified_gmt":"2015-08-25T14:55:46","slug":"veneers-verblendschale","status":"publish","type":"page","link":"https:\/\/www.studiobianconi.it\/de\/zahnaerztliche-dienstleistungen-behandlungen\/aesthetische-zahnheilkunde\/veneers-verblendschale\/","title":{"rendered":"Veneers &#8211; Verblendschalen"},"content":{"rendered":"<div class=\"wpb-content-wrapper\">[vc_row][vc_column width=&#8220;1\/1&#8243; style=&#8220;&#8220; visibility=&#8220;&#8220; css_animation=&#8220;&#8220; typo_style=&#8220;&#8220; drop_shadow=&#8220;&#8220; bg_style=&#8220;&#8220; border_style=&#8220;&#8220;][vc_single_image border_color=&#8220;grey&#8220; img_link_target=&#8220;_self&#8220; image=&#8220;2146&#8243; img_link_large=&#8220;&#8220; rounded_image=&#8220;&#8220;][\/vc_column][\/vc_row][vc_row][vc_column width=&#8220;1\/1&#8243; style=&#8220;&#8220; visibility=&#8220;&#8220; css_animation=&#8220;&#8220; typo_style=&#8220;&#8220; drop_shadow=&#8220;&#8220; bg_style=&#8220;&#8220; border_style=&#8220;&#8220;][vc_column_text]\n<p style=\"text-align: justify;\">Veneers sind eine der am meisten verbreiteten Vorg\u00e4nge der zeitgen\u00f6ssischen \u00e4sthetischen Zahnheilkunde, obwohl die ersten Prototypen in den 30-er Jahren zustande kamen, um Anforderungen des Showbusiness gerecht zu werden.<\/p>\n<p style=\"text-align: justify;\">Es handelt sich um <strong>hauchd\u00fcnne, verglaste Porzellanschichten<\/strong> die zur vorderen Abdeckung eines Zahnes angewandt werden, um dessen <strong>Form und Farbe<\/strong> zu \u00e4ndern. Durchschnittlich sind diese Schichten zwischen 0,4 und 0,7 Millimeter dick.<\/p>\n<p style=\"text-align: justify;\">Nachdem sie im Labor auf Ma\u03b2 hergestellt werden, befestigt sie der Zahnarzt mit einem durchsichtigen Harzzement. Oft wird der Patient <strong>keiner Narkose unterzogen<\/strong> und die Vorbereitung des Zahnes auf die Behandlung ist minimal.<\/p>\n<p style=\"text-align: justify;\">Veneers k\u00f6nnen aus verschiedenen Gr\u00fcnden benutzt werden:<\/p>\n<ul>\n<li style=\"text-align: justify;\">Verdeckung von bleibenden Flecken oder Vergilbung;<\/li>\n<li style=\"text-align: justify;\">Wiederherstellung der urspr\u00fcnglichen Form (nach einem Bruch)<\/li>\n<li style=\"text-align: justify;\">Erweiterung der Zahnoberfl\u00e4che (bei <a href=\"https:\/\/de.wikipedia.org\/wiki\/Diastema_mediale\" target=\"_blank\">Diastema<\/a> zwischen den Z\u00e4hnen oder Schrumpfung des Zahnfleisches)<\/li>\n<li style=\"text-align: justify;\">Beseitigung der Sch\u00f6nheitsfehler des Zahnschmelzes, Abnutzung und Abrasion<\/li>\n<li style=\"text-align: justify;\">Erzielung der Symmetrie von Eck-und Schneidez\u00e4hne<\/li>\n<\/ul>\n[\/vc_column_text][\/vc_column][\/vc_row]\n<\/div>","protected":false},"excerpt":{"rendered":"<p>[vc_row][vc_column width=&#8220;1\/1&#8243; style=&#8220;&#8220; visibility=&#8220;&#8220; css_animation=&#8220;&#8220; typo_style=&#8220;&#8220; drop_shadow=&#8220;&#8220; bg_style=&#8220;&#8220; border_style=&#8220;&#8220;][vc_single_image border_color=&#8220;grey&#8220; img_link_target=&#8220;_self&#8220; image=&#8220;2146&#8243; img_link_large=&#8220;&#8220; rounded_image=&#8220;&#8220;][\/vc_column][\/vc_row][vc_row][vc_column width=&#8220;1\/1&#8243; style=&#8220;&#8220; visibility=&#8220;&#8220; css_animation=&#8220;&#8220; typo_style=&#8220;&#8220; drop_shadow=&#8220;&#8220; bg_style=&#8220;&#8220; border_style=&#8220;&#8220;][vc_column_text] Veneers sind eine der am meisten verbreiteten Vorg\u00e4nge der zeitgen\u00f6ssischen \u00e4sthetischen Zahnheilkunde, obwohl die ersten Prototypen in den 30-er Jahren zustande kamen, um Anforderungen des Showbusiness gerecht zu werden. Es handelt sich um&hellip;<\/p>\n","protected":false},"author":1,"featured_media":0,"parent":2670,"menu_order":0,"comment_status":"open","ping_status":"open","template":"","meta":{"footnotes":""},"class_list":["post-2729","page","type-page","status-publish","hentry","entry","no-media"],"yoast_head":"<!-- This site is optimized with the Yoast SEO plugin v26.5 - https:\/\/yoast.com\/wordpress\/plugins\/seo\/ -->\n<title>Veneers Verblendschalen - Studio Bianconi Zahnarzt Bozen<\/title>\n<meta name=\"description\" content=\"Veneers sind d\u00fcnne Keramikschalen welche auf die Vorderz\u00e4hne geklebt werden, um deren Form und Farbe zu verbessern.\" \/>\n<meta name=\"robots\" content=\"index, follow, max-snippet:-1, max-image-preview:large, max-video-preview:-1\" \/>\n<link rel=\"canonical\" href=\"https:\/\/www.studiobianconi.it\/de\/zahnaerztliche-dienstleistungen-behandlungen\/aesthetische-zahnheilkunde\/veneers-verblendschale\/\" \/>\n<meta property=\"og:locale\" content=\"de_DE\" \/>\n<meta property=\"og:type\" content=\"article\" \/>\n<meta property=\"og:title\" content=\"Veneers Verblendschalen - Studio Bianconi Zahnarzt Bozen\" \/>\n<meta property=\"og:description\" content=\"Veneers sind d\u00fcnne Keramikschalen welche auf die Vorderz\u00e4hne geklebt werden, um deren Form und Farbe zu verbessern.\" \/>\n<meta property=\"og:url\" content=\"https:\/\/www.studiobianconi.it\/de\/zahnaerztliche-dienstleistungen-behandlungen\/aesthetische-zahnheilkunde\/veneers-verblendschale\/\" \/>\n<meta property=\"og:site_name\" content=\"Studio Bianconi\" \/>\n<meta property=\"article:publisher\" content=\"http:\/\/www.facebook.com\/studiobianconi\" \/>\n<meta property=\"article:modified_time\" content=\"2015-08-25T14:55:46+00:00\" \/>\n<meta name=\"twitter:card\" content=\"summary_large_image\" \/>\n<meta name=\"twitter:label1\" content=\"Gesch\u00e4tzte Lesezeit\" \/>\n\t<meta name=\"twitter:data1\" content=\"1\u00a0Minute\" \/>\n<script type=\"application\/ld+json\" class=\"yoast-schema-graph\">{\"@context\":\"https:\/\/schema.org\",\"@graph\":[{\"@type\":\"WebPage\",\"@id\":\"https:\/\/www.studiobianconi.it\/de\/zahnaerztliche-dienstleistungen-behandlungen\/aesthetische-zahnheilkunde\/veneers-verblendschale\/\",\"url\":\"https:\/\/www.studiobianconi.it\/de\/zahnaerztliche-dienstleistungen-behandlungen\/aesthetische-zahnheilkunde\/veneers-verblendschale\/\",\"name\":\"Veneers Verblendschalen - Studio Bianconi Zahnarzt Bozen\",\"isPartOf\":{\"@id\":\"https:\/\/www.studiobianconi.it\/de\/#website\"},\"datePublished\":\"2015-08-13T10:32:53+00:00\",\"dateModified\":\"2015-08-25T14:55:46+00:00\",\"description\":\"Veneers sind d\u00fcnne Keramikschalen welche auf die Vorderz\u00e4hne geklebt werden, um deren Form und Farbe zu verbessern.\",\"breadcrumb\":{\"@id\":\"https:\/\/www.studiobianconi.it\/de\/zahnaerztliche-dienstleistungen-behandlungen\/aesthetische-zahnheilkunde\/veneers-verblendschale\/#breadcrumb\"},\"inLanguage\":\"de\",\"potentialAction\":[{\"@type\":\"ReadAction\",\"target\":[\"https:\/\/www.studiobianconi.it\/de\/zahnaerztliche-dienstleistungen-behandlungen\/aesthetische-zahnheilkunde\/veneers-verblendschale\/\"]}]},{\"@type\":\"BreadcrumbList\",\"@id\":\"https:\/\/www.studiobianconi.it\/de\/zahnaerztliche-dienstleistungen-behandlungen\/aesthetische-zahnheilkunde\/veneers-verblendschale\/#breadcrumb\",\"itemListElement\":[{\"@type\":\"ListItem\",\"position\":1,\"name\":\"Home\",\"item\":\"https:\/\/www.studiobianconi.it\/de\/\"},{\"@type\":\"ListItem\",\"position\":2,\"name\":\"Dienstleistungen\",\"item\":\"https:\/\/www.studiobianconi.it\/de\/zahnaerztliche-dienstleistungen-behandlungen\/\"},{\"@type\":\"ListItem\",\"position\":3,\"name\":\"\u00c4sthetische Zahnheilkunde\",\"item\":\"https:\/\/www.studiobianconi.it\/de\/zahnaerztliche-dienstleistungen-behandlungen\/aesthetische-zahnheilkunde\/\"},{\"@type\":\"ListItem\",\"position\":4,\"name\":\"Veneers &#8211; Verblendschalen\"}]},{\"@type\":\"WebSite\",\"@id\":\"https:\/\/www.studiobianconi.it\/de\/#website\",\"url\":\"https:\/\/www.studiobianconi.it\/de\/\",\"name\":\"Studio Bianconi\",\"description\":\"Studio Bianconi\",\"publisher\":{\"@id\":\"https:\/\/www.studiobianconi.it\/de\/#organization\"},\"potentialAction\":[{\"@type\":\"SearchAction\",\"target\":{\"@type\":\"EntryPoint\",\"urlTemplate\":\"https:\/\/www.studiobianconi.it\/de\/?s={search_term_string}\"},\"query-input\":{\"@type\":\"PropertyValueSpecification\",\"valueRequired\":true,\"valueName\":\"search_term_string\"}}],\"inLanguage\":\"de\"},{\"@type\":\"Organization\",\"@id\":\"https:\/\/www.studiobianconi.it\/de\/#organization\",\"name\":\"Studio Bianconi\",\"url\":\"https:\/\/www.studiobianconi.it\/de\/\",\"logo\":{\"@type\":\"ImageObject\",\"inLanguage\":\"de\",\"@id\":\"https:\/\/www.studiobianconi.it\/de\/#\/schema\/logo\/image\/\",\"url\":\"https:\/\/www.studiobianconi.it\/wp-content\/uploads\/2014\/11\/Logo-Bianconi-Finale-180x80.png\",\"contentUrl\":\"https:\/\/www.studiobianconi.it\/wp-content\/uploads\/2014\/11\/Logo-Bianconi-Finale-180x80.png\",\"width\":180,\"height\":77,\"caption\":\"Studio Bianconi\"},\"image\":{\"@id\":\"https:\/\/www.studiobianconi.it\/de\/#\/schema\/logo\/image\/\"},\"sameAs\":[\"http:\/\/www.facebook.com\/studiobianconi\",\"http:\/\/it.linkedin.com\/in\/bianconistefano\"]}]}<\/script>\n<!-- \/ Yoast SEO plugin. -->","yoast_head_json":{"title":"Veneers Verblendschalen - Studio Bianconi Zahnarzt Bozen","description":"Veneers sind d\u00fcnne Keramikschalen welche auf die Vorderz\u00e4hne geklebt werden, um deren Form und Farbe zu verbessern.","robots":{"index":"index","follow":"follow","max-snippet":"max-snippet:-1","max-image-preview":"max-image-preview:large","max-video-preview":"max-video-preview:-1"},"canonical":"https:\/\/www.studiobianconi.it\/de\/zahnaerztliche-dienstleistungen-behandlungen\/aesthetische-zahnheilkunde\/veneers-verblendschale\/","og_locale":"de_DE","og_type":"article","og_title":"Veneers Verblendschalen - Studio Bianconi Zahnarzt Bozen","og_description":"Veneers sind d\u00fcnne Keramikschalen welche auf die Vorderz\u00e4hne geklebt werden, um deren Form und Farbe zu verbessern.","og_url":"https:\/\/www.studiobianconi.it\/de\/zahnaerztliche-dienstleistungen-behandlungen\/aesthetische-zahnheilkunde\/veneers-verblendschale\/","og_site_name":"Studio Bianconi","article_publisher":"http:\/\/www.facebook.com\/studiobianconi","article_modified_time":"2015-08-25T14:55:46+00:00","twitter_card":"summary_large_image","twitter_misc":{"Gesch\u00e4tzte Lesezeit":"1\u00a0Minute"},"schema":{"@context":"https:\/\/schema.org","@graph":[{"@type":"WebPage","@id":"https:\/\/www.studiobianconi.it\/de\/zahnaerztliche-dienstleistungen-behandlungen\/aesthetische-zahnheilkunde\/veneers-verblendschale\/","url":"https:\/\/www.studiobianconi.it\/de\/zahnaerztliche-dienstleistungen-behandlungen\/aesthetische-zahnheilkunde\/veneers-verblendschale\/","name":"Veneers Verblendschalen - Studio Bianconi Zahnarzt Bozen","isPartOf":{"@id":"https:\/\/www.studiobianconi.it\/de\/#website"},"datePublished":"2015-08-13T10:32:53+00:00","dateModified":"2015-08-25T14:55:46+00:00","description":"Veneers sind d\u00fcnne Keramikschalen welche auf die Vorderz\u00e4hne geklebt werden, um deren Form und Farbe zu verbessern.","breadcrumb":{"@id":"https:\/\/www.studiobianconi.it\/de\/zahnaerztliche-dienstleistungen-behandlungen\/aesthetische-zahnheilkunde\/veneers-verblendschale\/#breadcrumb"},"inLanguage":"de","potentialAction":[{"@type":"ReadAction","target":["https:\/\/www.studiobianconi.it\/de\/zahnaerztliche-dienstleistungen-behandlungen\/aesthetische-zahnheilkunde\/veneers-verblendschale\/"]}]},{"@type":"BreadcrumbList","@id":"https:\/\/www.studiobianconi.it\/de\/zahnaerztliche-dienstleistungen-behandlungen\/aesthetische-zahnheilkunde\/veneers-verblendschale\/#breadcrumb","itemListElement":[{"@type":"ListItem","position":1,"name":"Home","item":"https:\/\/www.studiobianconi.it\/de\/"},{"@type":"ListItem","position":2,"name":"Dienstleistungen","item":"https:\/\/www.studiobianconi.it\/de\/zahnaerztliche-dienstleistungen-behandlungen\/"},{"@type":"ListItem","position":3,"name":"\u00c4sthetische Zahnheilkunde","item":"https:\/\/www.studiobianconi.it\/de\/zahnaerztliche-dienstleistungen-behandlungen\/aesthetische-zahnheilkunde\/"},{"@type":"ListItem","position":4,"name":"Veneers &#8211; Verblendschalen"}]},{"@type":"WebSite","@id":"https:\/\/www.studiobianconi.it\/de\/#website","url":"https:\/\/www.studiobianconi.it\/de\/","name":"Studio Bianconi","description":"Studio Bianconi","publisher":{"@id":"https:\/\/www.studiobianconi.it\/de\/#organization"},"potentialAction":[{"@type":"SearchAction","target":{"@type":"EntryPoint","urlTemplate":"https:\/\/www.studiobianconi.it\/de\/?s={search_term_string}"},"query-input":{"@type":"PropertyValueSpecification","valueRequired":true,"valueName":"search_term_string"}}],"inLanguage":"de"},{"@type":"Organization","@id":"https:\/\/www.studiobianconi.it\/de\/#organization","name":"Studio Bianconi","url":"https:\/\/www.studiobianconi.it\/de\/","logo":{"@type":"ImageObject","inLanguage":"de","@id":"https:\/\/www.studiobianconi.it\/de\/#\/schema\/logo\/image\/","url":"https:\/\/www.studiobianconi.it\/wp-content\/uploads\/2014\/11\/Logo-Bianconi-Finale-180x80.png","contentUrl":"https:\/\/www.studiobianconi.it\/wp-content\/uploads\/2014\/11\/Logo-Bianconi-Finale-180x80.png","width":180,"height":77,"caption":"Studio Bianconi"},"image":{"@id":"https:\/\/www.studiobianconi.it\/de\/#\/schema\/logo\/image\/"},"sameAs":["http:\/\/www.facebook.com\/studiobianconi","http:\/\/it.linkedin.com\/in\/bianconistefano"]}]}},"_links":{"self":[{"href":"https:\/\/www.studiobianconi.it\/de\/wp-json\/wp\/v2\/pages\/2729","targetHints":{"allow":["GET"]}}],"collection":[{"href":"https:\/\/www.studiobianconi.it\/de\/wp-json\/wp\/v2\/pages"}],"about":[{"href":"https:\/\/www.studiobianconi.it\/de\/wp-json\/wp\/v2\/types\/page"}],"author":[{"embeddable":true,"href":"https:\/\/www.studiobianconi.it\/de\/wp-json\/wp\/v2\/users\/1"}],"replies":[{"embeddable":true,"href":"https:\/\/www.studiobianconi.it\/de\/wp-json\/wp\/v2\/comments?post=2729"}],"version-history":[{"count":4,"href":"https:\/\/www.studiobianconi.it\/de\/wp-json\/wp\/v2\/pages\/2729\/revisions"}],"predecessor-version":[{"id":3064,"href":"https:\/\/www.studiobianconi.it\/de\/wp-json\/wp\/v2\/pages\/2729\/revisions\/3064"}],"up":[{"embeddable":true,"href":"https:\/\/www.studiobianconi.it\/de\/wp-json\/wp\/v2\/pages\/2670"}],"wp:attachment":[{"href":"https:\/\/www.studiobianconi.it\/de\/wp-json\/wp\/v2\/media?parent=2729"}],"curies":[{"name":"wp","href":"https:\/\/api.w.org\/{rel}","templated":true}]}}