{"id":2685,"date":"2015-08-13T11:57:44","date_gmt":"2015-08-13T09:57:44","guid":{"rendered":"http:\/\/studiobianconi.it\/?page_id=2685"},"modified":"2015-09-07T12:20:25","modified_gmt":"2015-09-07T10:20:25","slug":"qualitaet","status":"publish","type":"page","link":"https:\/\/www.studiobianconi.it\/de\/qualitaet\/","title":{"rendered":"Qualit\u00e4t"},"content":{"rendered":"<div class=\"wpb-content-wrapper\">[vc_row][vc_column width=&#8220;1\/1&#8243;][vc_column_text]\n<p style=\"text-align: justify;\">Beim Studio Bianconi tun wir was notwendig ist um einen h\u00f6hen Qualit\u00e4tsstandard zu bewahren, der grundlegend f\u00fcr fortdauernde und zufriedenstellende Ergebnisse ist. Hier sind unsere St\u00e4rken:<\/p>\n[\/vc_column_text][\/vc_column][\/vc_row][vc_row bg_color=&#8220;#2b4d74&#8243; no_margins=&#8220;true&#8220; style=&#8220;light&#8220;][vc_column width=&#8220;1\/1&#8243;][vc_column_text css=&#8220;.vc_custom_1441198031886{padding-right: 20px !important;}&#8220;]<span style=\"color: #ffffff;\"><strong><a href=\"https:\/\/www.studiobianconi.it\/de\/qualitaet\/forschung\/\"><img loading=\"lazy\" decoding=\"async\" class=\" size-full wp-image-1847 alignleft\" src=\"https:\/\/www.studiobianconi.it\/wp-content\/uploads\/2014\/11\/Qualit\u00e0-Ricerca_300x300.jpg\" alt=\"Qualit\u00e0-Ricerca_300x300\" width=\"300\" height=\"300\" srcset=\"https:\/\/www.studiobianconi.it\/wp-content\/uploads\/2014\/11\/Qualit\u00e0-Ricerca_300x300.jpg 300w, https:\/\/www.studiobianconi.it\/wp-content\/uploads\/2014\/11\/Qualit\u00e0-Ricerca_300x300-150x150.jpg 150w\" sizes=\"auto, (max-width: 300px) 100vw, 300px\" \/><\/a><br \/>\n<\/strong><span style=\"color: #cfe2ef; font-family: Lato; font-size: 18px;\"><strong><a style=\"color: #cfe2ef;\" href=\"https:\/\/www.studiobianconi.it\/de\/qualitaet\/forschung\/\">FORSCHUNG<br \/>\n<\/a><\/strong><\/span><\/span><\/p>\n<p style=\"text-align: justify;\"><span style=\"color: #cfe2ef;\">Wir sind im Bereich der Forschung t\u00e4tig, um unsere Kenntnisse zu erweitern und unseren Patienten einen einzigartigen Service und die modernsten Behandlungen bieten zu k\u00f6nnen.<\/span><\/p>\n[\/vc_column_text][\/vc_column][\/vc_row][vc_row no_margins=&#8220;true&#8220;][vc_column width=&#8220;1\/1&#8243;]<div class=\"vcex-spacing wpex-w-100 wpex-clear\" style=\"height:10px;\"><\/div>[\/vc_column][\/vc_row][vc_row bg_color=&#8220;#cfe2ef&#8220; no_margins=&#8220;true&#8220;][vc_column width=&#8220;1\/1&#8243;][vc_column_text css=&#8220;.vc_custom_1441621217729{padding-right: 20px !important;}&#8220;]<a href=\"https:\/\/www.studiobianconi.it\/de\/qualitaet\/didaktik-beratung\/\"><img loading=\"lazy\" decoding=\"async\" class=\" size-full wp-image-1982 alignleft\" src=\"https:\/\/www.studiobianconi.it\/wp-content\/uploads\/2014\/11\/Qualita_Consulenza_300x300.jpg\" alt=\"Qualita_Consulenza_300x300\" width=\"300\" height=\"300\" srcset=\"https:\/\/www.studiobianconi.it\/wp-content\/uploads\/2014\/11\/Qualita_Consulenza_300x300.jpg 300w, https:\/\/www.studiobianconi.it\/wp-content\/uploads\/2014\/11\/Qualita_Consulenza_300x300-150x150.jpg 150w\" sizes=\"auto, (max-width: 300px) 100vw, 300px\" \/><\/a><span style=\"font-size: 18px; font-family: Lato;\"><a style=\"color: #2b4d74;\" href=\"https:\/\/www.studiobianconi.it\/de\/qualitaet\/didaktik-beratung\/\"><br \/>\n<strong><span style=\"color: #2b4d74;\">DIDAKTIK UND BERATUNG<\/span><\/strong><\/a><\/span><\/p>\n<p style=\"text-align: justify;\">Das Studio Bianconi wurde als \u201edidaktischer Bezugspunkt\u201c von Seiten einiger Spitzenunternehmen im Implantologie- und Regenerationsbereich ernannt. \u00dcberdies, arbeiten wir mit wichtigen \u00f6ffentlichen Institutionen sowie privaten Strukturen zusammen.<\/p>\n[\/vc_column_text][\/vc_column][\/vc_row][vc_row no_margins=&#8220;true&#8220;][vc_column width=&#8220;1\/1&#8243;]<div class=\"vcex-spacing wpex-w-100 wpex-clear\" style=\"height:10px;\"><\/div>[\/vc_column][\/vc_row][vc_row bg_color=&#8220;#2b4d74&#8243; no_margins=&#8220;true&#8220; style=&#8220;light&#8220;][vc_column width=&#8220;1\/1&#8243;][vc_column_text css=&#8220;.vc_custom_1441191595182{padding-right: 20px !important;}&#8220;]\n<p style=\"text-align: justify;\"><a href=\"https:\/\/www.studiobianconi.it\/de\/qualitaet\/ausrustungen-technologien\/\"><img loading=\"lazy\" decoding=\"async\" class=\" size-full wp-image-1849 alignleft\" src=\"https:\/\/www.studiobianconi.it\/wp-content\/uploads\/2014\/11\/Qualit\u00e0-Apparecchiature_300x300.jpg\" alt=\"Qualit\u00e0-Apparecchiature_300x300\" width=\"300\" height=\"300\" srcset=\"https:\/\/www.studiobianconi.it\/wp-content\/uploads\/2014\/11\/Qualit\u00e0-Apparecchiature_300x300.jpg 300w, https:\/\/www.studiobianconi.it\/wp-content\/uploads\/2014\/11\/Qualit\u00e0-Apparecchiature_300x300-150x150.jpg 150w\" sizes=\"auto, (max-width: 300px) 100vw, 300px\" \/><\/a><br \/>\n<span style=\"color: #cfe2ef;\"><strong><a style=\"color: #cfe2ef;\" href=\"https:\/\/www.studiobianconi.it\/de\/qualitaet\/ausrustungen-technologien\/\">AUSR\u00dcSTUNGEN UND TECHNOLOGIEN<br \/>\n<\/a><\/strong><\/span><br \/>\n<span style=\"color: #cfe2ef;\"> Wir verwenden die besten Technologien der R\u00f6ntgenaufnahmen, Chirurgie und Implantologie, um gr\u00f6\u03b2ere Vorteile f\u00fcr unsere Patienten zu erzielen und damit die Behandlungen erfolgreich sind.<\/span><\/p>\n<p><span style=\"color: #cfe2ef; font-family: Lato;\">\u00a0<\/span>[\/vc_column_text][\/vc_column][\/vc_row][vc_row no_margins=&#8220;true&#8220;][vc_column width=&#8220;1\/1&#8243;]<div class=\"vcex-spacing wpex-w-100 wpex-clear\" style=\"height:10px;\"><\/div>[\/vc_column][\/vc_row][vc_row bg_color=&#8220;#cfe2ef&#8220; no_margins=&#8220;true&#8220;][vc_column width=&#8220;1\/1&#8243;][vc_column_text css=&#8220;.vc_custom_1441191613800{padding-right: 20px !important;}&#8220;]<a href=\"https:\/\/www.studiobianconi.it\/de\/qualitaet\/weiterbildung\/\"><img loading=\"lazy\" decoding=\"async\" class=\" size-full wp-image-1988 alignleft\" src=\"https:\/\/www.studiobianconi.it\/wp-content\/uploads\/2014\/11\/Qualita_Formazione_300x300.jpg\" alt=\"Qualita_Formazione_300x300\" width=\"300\" height=\"300\" srcset=\"https:\/\/www.studiobianconi.it\/wp-content\/uploads\/2014\/11\/Qualita_Formazione_300x300.jpg 300w, https:\/\/www.studiobianconi.it\/wp-content\/uploads\/2014\/11\/Qualita_Formazione_300x300-150x150.jpg 150w\" sizes=\"auto, (max-width: 300px) 100vw, 300px\" \/><\/a><br \/>\n<span style=\"color: #2b4d74;\"><strong><a style=\"color: #2b4d74;\" href=\"https:\/\/www.studiobianconi.it\/de\/qualitaet\/weiterbildung\/\">STETIGE FORTBILDUNG<\/a><\/strong><\/span><\/p>\n<p style=\"text-align: justify;\"><span style=\"color: #2b4d74;\"> Das Personal des Studio Bianconi besucht regelm\u00e4\u03b2ig Weiterbildungs- und Spezialisierungskurse von ANDI und weiteren qualifizierten Strukturen organisiert.<\/span><\/p>\n[\/vc_column_text][\/vc_column][\/vc_row][vc_row no_margins=&#8220;true&#8220;][vc_column width=&#8220;1\/1&#8243;]<div class=\"vcex-spacing wpex-w-100 wpex-clear\" style=\"height:10px;\"><\/div>[\/vc_column][\/vc_row][vc_row bg_color=&#8220;#2b4d74&#8243; no_margins=&#8220;true&#8220; style=&#8220;light&#8220;][vc_column width=&#8220;1\/1&#8243;][vc_column_text css=&#8220;.vc_custom_1441191630799{padding-right: 20px !important;}&#8220;]<span style=\"color: #ffffff;\"><strong><a href=\"https:\/\/www.studiobianconi.it\/de\/qualitaet\/transparenz-dialog-patienten\/\"><img loading=\"lazy\" decoding=\"async\" class=\" size-full wp-image-1999 alignleft\" src=\"https:\/\/www.studiobianconi.it\/wp-content\/uploads\/2014\/11\/Qualita_DialogoPaziente_300x300.jpg\" alt=\"Qualita_DialogoPaziente_300x300\" width=\"300\" height=\"300\" srcset=\"https:\/\/www.studiobianconi.it\/wp-content\/uploads\/2014\/11\/Qualita_DialogoPaziente_300x300.jpg 300w, https:\/\/www.studiobianconi.it\/wp-content\/uploads\/2014\/11\/Qualita_DialogoPaziente_300x300-150x150.jpg 150w\" sizes=\"auto, (max-width: 300px) 100vw, 300px\" \/><\/a><\/strong><\/span><br \/>\n<strong><span style=\"color: #cfe2ef;\"><a style=\"color: #cfe2ef;\" href=\"https:\/\/www.studiobianconi.it\/de\/qualitaet\/transparenz-dialog-patienten\/\">TRANSPARENZ UND DIALOG MIT DEN PATIENTEN<\/a><\/span><\/strong><\/p>\n<p style=\"text-align: justify;\"><span style=\"color: #cfe2ef;\"> Wir sind \u00fcberzeugt, dass das Verst\u00e4ndnis der Behandlungen von Seiten des Patienten und eine ehrliche Kommunikation mit dem Arzt und seinem Personal grundlegend sind, um ein Glaubhaftigkeits- und Vertrauensverh\u00e4ltnis einzusetzen.<\/span><\/p>\n<p><span style=\"color: #cfe2ef;\"><strong>\u00a0<\/strong><\/span>[\/vc_column_text][\/vc_column][\/vc_row][vc_row no_margins=&#8220;true&#8220;][vc_column width=&#8220;1\/1&#8243;]<div class=\"vcex-spacing wpex-w-100 wpex-clear\" style=\"height:10px;\"><\/div>[\/vc_column][\/vc_row][vc_row bg_color=&#8220;#cfe2ef&#8220; no_margins=&#8220;true&#8220;][vc_column width=&#8220;1\/1&#8243;][vc_column_text css=&#8220;.vc_custom_1441206725890{padding-right: 20px !important;}&#8220;]<a href=\"https:\/\/www.studiobianconi.it\/de\/qualitaet\/sicherheit-patienten\/\"><img loading=\"lazy\" decoding=\"async\" class=\"alignleft\" src=\"https:\/\/www.studiobianconi.it\/wp-content\/uploads\/2014\/11\/Qualita_SicurezzaPaziente_300x300.jpg\" alt=\"Qualita_SicurezzaPaziente_300x300\" width=\"300\" height=\"300\" \/><\/a><a style=\"color: #2b4d74;\" href=\"https:\/\/www.studiobianconi.it\/de\/qualitaet\/sicherheit-patienten\/\"><br \/>\n<strong><span style=\"color: #2b4d74;\">SICHERHEIT DES PATIENTEN<\/span><\/strong><\/a><\/p>\n<p style=\"text-align: justify;\"><span style=\"color: #2b4d74;\"> F\u00fcr uns beim Studio Bianconi ist Ihre Gesundheit wichtig; deshalb halten wir uns an die Gesetzgebung und an die guten Praktiken der Zahnheilkunde, damit alle Behandlungen in gr\u00f6\u03b2ster Sicherheit stattfinden.<\/span><\/p>\n[\/vc_column_text][\/vc_column][\/vc_row][vc_row no_margins=&#8220;true&#8220;][vc_column width=&#8220;1\/1&#8243;]<div class=\"vcex-spacing wpex-w-100 wpex-clear\" style=\"height:10px;\"><\/div>[\/vc_column][\/vc_row][vc_row bg_color=&#8220;#2b4d74&#8243; no_margins=&#8220;true&#8220; style=&#8220;light&#8220;][vc_column width=&#8220;1\/1&#8243;][vc_column_text css=&#8220;.vc_custom_1441191910539{padding-right: 20px !important;}&#8220;]<strong><span style=\"color: #ffffff;\"><a href=\"https:\/\/www.studiobianconi.it\/de\/qualitaet\/materialien-lieferanten\/\"><img loading=\"lazy\" decoding=\"async\" class=\" size-full wp-image-1858 alignleft\" src=\"https:\/\/www.studiobianconi.it\/wp-content\/uploads\/2014\/11\/Qualit\u00e0-MaterialiFornitori_300x300.jpg\" alt=\"Qualit\u00e0-MaterialiFornitori_300x300\" width=\"300\" height=\"300\" srcset=\"https:\/\/www.studiobianconi.it\/wp-content\/uploads\/2014\/11\/Qualit\u00e0-MaterialiFornitori_300x300.jpg 300w, https:\/\/www.studiobianconi.it\/wp-content\/uploads\/2014\/11\/Qualit\u00e0-MaterialiFornitori_300x300-150x150.jpg 150w\" sizes=\"auto, (max-width: 300px) 100vw, 300px\" \/><\/a><\/span><\/strong><br \/>\n<span style=\"color: #cfe2ef;\"><strong><a style=\"color: #cfe2ef;\" href=\"https:\/\/www.studiobianconi.it\/de\/qualitaet\/materialien-lieferanten\/\">MATERIALIEN UND LIEFERANTEN<\/a><\/strong><\/span><\/p>\n<p><span style=\"color: #cfe2ef;\"> Nur Spitzenqualit\u00e4t f\u00fcr die Patienten des Studio Bianconi.<\/span><\/p>\n<p><strong><span style=\"color: #ffffff;\">\u00a0<\/span><\/strong>[\/vc_column_text][\/vc_column][\/vc_row]\n<\/div>","protected":false},"excerpt":{"rendered":"<p>[vc_row][vc_column width=&#8220;1\/1&#8243;][vc_column_text] Beim Studio Bianconi tun wir was notwendig ist um einen h\u00f6hen Qualit\u00e4tsstandard zu bewahren, der grundlegend f\u00fcr fortdauernde und zufriedenstellende Ergebnisse ist. Hier sind unsere St\u00e4rken: [\/vc_column_text][\/vc_column][\/vc_row][vc_row bg_color=&#8220;#2b4d74&#8243; no_margins=&#8220;true&#8220; style=&#8220;light&#8220;][vc_column width=&#8220;1\/1&#8243;][vc_column_text css=&#8220;.vc_custom_1441198031886{padding-right: 20px !important;}&#8220;] FORSCHUNG Wir sind im Bereich der Forschung t\u00e4tig, um unsere Kenntnisse zu erweitern und unseren Patienten einen einzigartigen Service&hellip;<\/p>\n","protected":false},"author":1,"featured_media":0,"parent":0,"menu_order":0,"comment_status":"open","ping_status":"open","template":"","meta":{"footnotes":""},"class_list":["post-2685","page","type-page","status-publish","hentry","entry","no-media"],"yoast_head":"<!-- This site is optimized with the Yoast SEO plugin v26.5 - https:\/\/yoast.com\/wordpress\/plugins\/seo\/ -->\n<title>Unsere Qualit\u00e4t - Studio Bianconi Zahnarzt Bozen<\/title>\n<meta name=\"description\" content=\"Durch hohe Qualit\u00e4t hat sich Studio Bianconi seit jeher ausgezeichnet und diese ist grundlegend um wirksame und dauerhafte Behandlungen zu erzielen.\" \/>\n<meta name=\"robots\" content=\"index, follow, max-snippet:-1, max-image-preview:large, max-video-preview:-1\" \/>\n<link rel=\"canonical\" href=\"https:\/\/www.studiobianconi.it\/de\/qualitaet\/\" \/>\n<meta property=\"og:locale\" content=\"de_DE\" \/>\n<meta property=\"og:type\" content=\"article\" \/>\n<meta property=\"og:title\" content=\"Unsere Qualit\u00e4t - Studio Bianconi Zahnarzt Bozen\" \/>\n<meta property=\"og:description\" content=\"Durch hohe Qualit\u00e4t hat sich Studio Bianconi seit jeher ausgezeichnet und diese ist grundlegend um wirksame und dauerhafte Behandlungen zu erzielen.\" \/>\n<meta property=\"og:url\" content=\"https:\/\/www.studiobianconi.it\/de\/qualitaet\/\" \/>\n<meta property=\"og:site_name\" content=\"Studio Bianconi\" \/>\n<meta property=\"article:publisher\" content=\"http:\/\/www.facebook.com\/studiobianconi\" \/>\n<meta property=\"article:modified_time\" content=\"2015-09-07T10:20:25+00:00\" \/>\n<meta property=\"og:image\" content=\"https:\/\/www.studiobianconi.it\/wp-content\/uploads\/2014\/11\/Qualita_Consulenza_300x300.jpg\" \/>\n<meta name=\"twitter:card\" content=\"summary_large_image\" \/>\n<meta name=\"twitter:label1\" content=\"Gesch\u00e4tzte Lesezeit\" \/>\n\t<meta name=\"twitter:data1\" content=\"3\u00a0Minuten\" \/>\n<script type=\"application\/ld+json\" class=\"yoast-schema-graph\">{\"@context\":\"https:\/\/schema.org\",\"@graph\":[{\"@type\":\"WebPage\",\"@id\":\"https:\/\/www.studiobianconi.it\/de\/qualitaet\/\",\"url\":\"https:\/\/www.studiobianconi.it\/de\/qualitaet\/\",\"name\":\"Unsere Qualit\u00e4t - Studio Bianconi Zahnarzt Bozen\",\"isPartOf\":{\"@id\":\"https:\/\/www.studiobianconi.it\/de\/#website\"},\"primaryImageOfPage\":{\"@id\":\"https:\/\/www.studiobianconi.it\/de\/qualitaet\/#primaryimage\"},\"image\":{\"@id\":\"https:\/\/www.studiobianconi.it\/de\/qualitaet\/#primaryimage\"},\"thumbnailUrl\":\"https:\/\/www.studiobianconi.it\/wp-content\/uploads\/2014\/11\/Qualita_Consulenza_300x300.jpg\",\"datePublished\":\"2015-08-13T09:57:44+00:00\",\"dateModified\":\"2015-09-07T10:20:25+00:00\",\"description\":\"Durch hohe Qualit\u00e4t hat sich Studio Bianconi seit jeher ausgezeichnet und diese ist grundlegend um wirksame und dauerhafte Behandlungen zu erzielen.\",\"breadcrumb\":{\"@id\":\"https:\/\/www.studiobianconi.it\/de\/qualitaet\/#breadcrumb\"},\"inLanguage\":\"de\",\"potentialAction\":[{\"@type\":\"ReadAction\",\"target\":[\"https:\/\/www.studiobianconi.it\/de\/qualitaet\/\"]}]},{\"@type\":\"ImageObject\",\"inLanguage\":\"de\",\"@id\":\"https:\/\/www.studiobianconi.it\/de\/qualitaet\/#primaryimage\",\"url\":\"https:\/\/www.studiobianconi.it\/wp-content\/uploads\/2014\/11\/Qualita_Consulenza_300x300.jpg\",\"contentUrl\":\"https:\/\/www.studiobianconi.it\/wp-content\/uploads\/2014\/11\/Qualita_Consulenza_300x300.jpg\"},{\"@type\":\"BreadcrumbList\",\"@id\":\"https:\/\/www.studiobianconi.it\/de\/qualitaet\/#breadcrumb\",\"itemListElement\":[{\"@type\":\"ListItem\",\"position\":1,\"name\":\"Home\",\"item\":\"https:\/\/www.studiobianconi.it\/de\/\"},{\"@type\":\"ListItem\",\"position\":2,\"name\":\"Qualit\u00e4t\"}]},{\"@type\":\"WebSite\",\"@id\":\"https:\/\/www.studiobianconi.it\/de\/#website\",\"url\":\"https:\/\/www.studiobianconi.it\/de\/\",\"name\":\"Studio Bianconi\",\"description\":\"Studio Bianconi\",\"publisher\":{\"@id\":\"https:\/\/www.studiobianconi.it\/de\/#organization\"},\"potentialAction\":[{\"@type\":\"SearchAction\",\"target\":{\"@type\":\"EntryPoint\",\"urlTemplate\":\"https:\/\/www.studiobianconi.it\/de\/?s={search_term_string}\"},\"query-input\":{\"@type\":\"PropertyValueSpecification\",\"valueRequired\":true,\"valueName\":\"search_term_string\"}}],\"inLanguage\":\"de\"},{\"@type\":\"Organization\",\"@id\":\"https:\/\/www.studiobianconi.it\/de\/#organization\",\"name\":\"Studio Bianconi\",\"url\":\"https:\/\/www.studiobianconi.it\/de\/\",\"logo\":{\"@type\":\"ImageObject\",\"inLanguage\":\"de\",\"@id\":\"https:\/\/www.studiobianconi.it\/de\/#\/schema\/logo\/image\/\",\"url\":\"https:\/\/www.studiobianconi.it\/wp-content\/uploads\/2014\/11\/Logo-Bianconi-Finale-180x80.png\",\"contentUrl\":\"https:\/\/www.studiobianconi.it\/wp-content\/uploads\/2014\/11\/Logo-Bianconi-Finale-180x80.png\",\"width\":180,\"height\":77,\"caption\":\"Studio Bianconi\"},\"image\":{\"@id\":\"https:\/\/www.studiobianconi.it\/de\/#\/schema\/logo\/image\/\"},\"sameAs\":[\"http:\/\/www.facebook.com\/studiobianconi\",\"http:\/\/it.linkedin.com\/in\/bianconistefano\"]}]}<\/script>\n<!-- \/ Yoast SEO plugin. -->","yoast_head_json":{"title":"Unsere Qualit\u00e4t - Studio Bianconi Zahnarzt Bozen","description":"Durch hohe Qualit\u00e4t hat sich Studio Bianconi seit jeher ausgezeichnet und diese ist grundlegend um wirksame und dauerhafte Behandlungen zu erzielen.","robots":{"index":"index","follow":"follow","max-snippet":"max-snippet:-1","max-image-preview":"max-image-preview:large","max-video-preview":"max-video-preview:-1"},"canonical":"https:\/\/www.studiobianconi.it\/de\/qualitaet\/","og_locale":"de_DE","og_type":"article","og_title":"Unsere Qualit\u00e4t - Studio Bianconi Zahnarzt Bozen","og_description":"Durch hohe Qualit\u00e4t hat sich Studio Bianconi seit jeher ausgezeichnet und diese ist grundlegend um wirksame und dauerhafte Behandlungen zu erzielen.","og_url":"https:\/\/www.studiobianconi.it\/de\/qualitaet\/","og_site_name":"Studio Bianconi","article_publisher":"http:\/\/www.facebook.com\/studiobianconi","article_modified_time":"2015-09-07T10:20:25+00:00","og_image":[{"url":"https:\/\/www.studiobianconi.it\/wp-content\/uploads\/2014\/11\/Qualita_Consulenza_300x300.jpg","type":"","width":"","height":""}],"twitter_card":"summary_large_image","twitter_misc":{"Gesch\u00e4tzte Lesezeit":"3\u00a0Minuten"},"schema":{"@context":"https:\/\/schema.org","@graph":[{"@type":"WebPage","@id":"https:\/\/www.studiobianconi.it\/de\/qualitaet\/","url":"https:\/\/www.studiobianconi.it\/de\/qualitaet\/","name":"Unsere Qualit\u00e4t - Studio Bianconi Zahnarzt Bozen","isPartOf":{"@id":"https:\/\/www.studiobianconi.it\/de\/#website"},"primaryImageOfPage":{"@id":"https:\/\/www.studiobianconi.it\/de\/qualitaet\/#primaryimage"},"image":{"@id":"https:\/\/www.studiobianconi.it\/de\/qualitaet\/#primaryimage"},"thumbnailUrl":"https:\/\/www.studiobianconi.it\/wp-content\/uploads\/2014\/11\/Qualita_Consulenza_300x300.jpg","datePublished":"2015-08-13T09:57:44+00:00","dateModified":"2015-09-07T10:20:25+00:00","description":"Durch hohe Qualit\u00e4t hat sich Studio Bianconi seit jeher ausgezeichnet und diese ist grundlegend um wirksame und dauerhafte Behandlungen zu erzielen.","breadcrumb":{"@id":"https:\/\/www.studiobianconi.it\/de\/qualitaet\/#breadcrumb"},"inLanguage":"de","potentialAction":[{"@type":"ReadAction","target":["https:\/\/www.studiobianconi.it\/de\/qualitaet\/"]}]},{"@type":"ImageObject","inLanguage":"de","@id":"https:\/\/www.studiobianconi.it\/de\/qualitaet\/#primaryimage","url":"https:\/\/www.studiobianconi.it\/wp-content\/uploads\/2014\/11\/Qualita_Consulenza_300x300.jpg","contentUrl":"https:\/\/www.studiobianconi.it\/wp-content\/uploads\/2014\/11\/Qualita_Consulenza_300x300.jpg"},{"@type":"BreadcrumbList","@id":"https:\/\/www.studiobianconi.it\/de\/qualitaet\/#breadcrumb","itemListElement":[{"@type":"ListItem","position":1,"name":"Home","item":"https:\/\/www.studiobianconi.it\/de\/"},{"@type":"ListItem","position":2,"name":"Qualit\u00e4t"}]},{"@type":"WebSite","@id":"https:\/\/www.studiobianconi.it\/de\/#website","url":"https:\/\/www.studiobianconi.it\/de\/","name":"Studio Bianconi","description":"Studio Bianconi","publisher":{"@id":"https:\/\/www.studiobianconi.it\/de\/#organization"},"potentialAction":[{"@type":"SearchAction","target":{"@type":"EntryPoint","urlTemplate":"https:\/\/www.studiobianconi.it\/de\/?s={search_term_string}"},"query-input":{"@type":"PropertyValueSpecification","valueRequired":true,"valueName":"search_term_string"}}],"inLanguage":"de"},{"@type":"Organization","@id":"https:\/\/www.studiobianconi.it\/de\/#organization","name":"Studio Bianconi","url":"https:\/\/www.studiobianconi.it\/de\/","logo":{"@type":"ImageObject","inLanguage":"de","@id":"https:\/\/www.studiobianconi.it\/de\/#\/schema\/logo\/image\/","url":"https:\/\/www.studiobianconi.it\/wp-content\/uploads\/2014\/11\/Logo-Bianconi-Finale-180x80.png","contentUrl":"https:\/\/www.studiobianconi.it\/wp-content\/uploads\/2014\/11\/Logo-Bianconi-Finale-180x80.png","width":180,"height":77,"caption":"Studio Bianconi"},"image":{"@id":"https:\/\/www.studiobianconi.it\/de\/#\/schema\/logo\/image\/"},"sameAs":["http:\/\/www.facebook.com\/studiobianconi","http:\/\/it.linkedin.com\/in\/bianconistefano"]}]}},"_links":{"self":[{"href":"https:\/\/www.studiobianconi.it\/de\/wp-json\/wp\/v2\/pages\/2685","targetHints":{"allow":["GET"]}}],"collection":[{"href":"https:\/\/www.studiobianconi.it\/de\/wp-json\/wp\/v2\/pages"}],"about":[{"href":"https:\/\/www.studiobianconi.it\/de\/wp-json\/wp\/v2\/types\/page"}],"author":[{"embeddable":true,"href":"https:\/\/www.studiobianconi.it\/de\/wp-json\/wp\/v2\/users\/1"}],"replies":[{"embeddable":true,"href":"https:\/\/www.studiobianconi.it\/de\/wp-json\/wp\/v2\/comments?post=2685"}],"version-history":[{"count":8,"href":"https:\/\/www.studiobianconi.it\/de\/wp-json\/wp\/v2\/pages\/2685\/revisions"}],"predecessor-version":[{"id":3291,"href":"https:\/\/www.studiobianconi.it\/de\/wp-json\/wp\/v2\/pages\/2685\/revisions\/3291"}],"wp:attachment":[{"href":"https:\/\/www.studiobianconi.it\/de\/wp-json\/wp\/v2\/media?parent=2685"}],"curies":[{"name":"wp","href":"https:\/\/api.w.org\/{rel}","templated":true}]}}