{"id":2670,"date":"2015-08-13T11:46:58","date_gmt":"2015-08-13T09:46:58","guid":{"rendered":"http:\/\/studiobianconi.it\/?page_id=2670"},"modified":"2015-08-25T16:41:37","modified_gmt":"2015-08-25T14:41:37","slug":"aesthetische-zahnheilkunde","status":"publish","type":"page","link":"https:\/\/www.studiobianconi.it\/de\/zahnaerztliche-dienstleistungen-behandlungen\/aesthetische-zahnheilkunde\/","title":{"rendered":"\u00c4sthetische Zahnheilkunde"},"content":{"rendered":"<div class=\"wpb-content-wrapper\">[vc_row][vc_column width=&#8220;1\/1&#8243; style=&#8220;&#8220; visibility=&#8220;&#8220; css_animation=&#8220;&#8220; typo_style=&#8220;&#8220; drop_shadow=&#8220;&#8220; bg_style=&#8220;&#8220; border_style=&#8220;&#8220;][vc_single_image border_color=&#8220;grey&#8220; img_link_target=&#8220;_self&#8220; image=&#8220;2142&#8243; img_link_large=&#8220;&#8220; rounded_image=&#8220;&#8220;][\/vc_column][\/vc_row][vc_row][vc_column width=&#8220;1\/1&#8243; style=&#8220;&#8220; visibility=&#8220;&#8220; css_animation=&#8220;&#8220; typo_style=&#8220;&#8220; drop_shadow=&#8220;&#8220; bg_style=&#8220;&#8220; border_style=&#8220;&#8220;][vc_column_text]\n<p style=\"text-align: justify;\">Es ist bekannt, dass gesunde Z\u00e4hne und ein sch\u00f6nes L\u00e4cheln eine positive Auswirkung auf die Laune haben, das Selbstbewusstsein sowie die Neigung zu sozialen Beziehungen steigern. Aus diesen Gr\u00fcnden ist in den letzten Jahren die Nachfrage \u00e4sthetischer Behandlungen im Bereich der Zahnheilkunden deutlich angestiegen.<\/p>\n<p style=\"text-align: justify;\">Die Entwicklung von Materialien und Techniken erm\u00f6glicht es jetzt, das Aussehen der Z\u00e4hne wesentlich zu verbessern und perfekte Farbe sowie Helligkeit zu erreichen. Die Vorg\u00e4nge f\u00fchren zu <strong>sofortigen Ergebnissen<\/strong>, es sind keine invasive oder schmerzhafte Eingriffe vorgesehen und meistens auch keine Narkose, da nur die \u00e4u\u03b2erste Schicht des Zahnes behandelt wird.<\/p>\n<p style=\"text-align: justify;\">Unsere Praxis bietet alle innovativsten L\u00f6sungen um den Patienten <strong>maximale Ergebnisse aus einem \u00e4sthetischen, funktionalen Gesichtspunkt, sowie der Sicherheit und Dauer zu gew\u00e4hrleisten<\/strong>.<\/p>\n[\/vc_column_text][\/vc_column][\/vc_row][vc_row][vc_column width=&#8220;1\/1&#8243; style=&#8220;&#8220; visibility=&#8220;&#8220; css_animation=&#8220;&#8220; typo_style=&#8220;&#8220; drop_shadow=&#8220;&#8220; bg_style=&#8220;&#8220; border_style=&#8220;&#8220;][vc_column_text]<span style=\"font-size: 21px; font-family: Lato; color: #2b4d74;\"><strong>\u04d2STHETISCHE BEHANDLUNGENI<\/strong><\/span>[\/vc_column_text]<div class=\"vcex-module vcex-divider vcex-divider-solid vcex-divider-center wpex-mx-auto wpex-max-w-100 wpex-block wpex-h-0 wpex-border-b wpex-border-solid wpex-border-main\" style=\"width:100%;margin-block:5px;border-bottom-width:3px;border-color:#2b4d74;\"><\/div>[\/vc_column][\/vc_row][vc_row no_margins=&#8220;true&#8220; column_spacing=&#8220;0px&#8220; padding_bottom=&#8220;5&#8243;][vc_column width=&#8220;1\/1&#8243; style=&#8220;&#8220; visibility=&#8220;&#8220; css_animation=&#8220;&#8220; typo_style=&#8220;&#8220; drop_shadow=&#8220;&#8220; bg_style=&#8220;&#8220; border_style=&#8220;&#8220; bg_color=&#8220;#cfe2ef&#8220;][vc_column_text]<a href=\"https:\/\/www.studiobianconi.it\/de\/zahnaerztliche-dienstleistungen-behandlungen\/aesthetische-zahnheilkunde\/zahnaufhellung-bleaching\/\"><img loading=\"lazy\" decoding=\"async\" class=\" size-full wp-image-2268 alignleft\" src=\"https:\/\/www.studiobianconi.it\/wp-content\/uploads\/2015\/03\/Odonto_Estetica_Sbianca-300x300-e1438895491266.jpg\" alt=\"Odonto_Estetica_Sbianca 300x300\" width=\"140\" height=\"140\" \/><\/a><strong><a style=\"color: #2b4d74;\" href=\"https:\/\/www.studiobianconi.it\/de\/zahnaerztliche-dienstleistungen-behandlungen\/aesthetische-zahnheilkunde\/zahnaufhellung-bleaching\/\"><br \/>\n<\/a><span style=\"color: #2b4d74;\"><a style=\"color: #2b4d74;\" href=\"https:\/\/www.studiobianconi.it\/de\/zahnaerztliche-dienstleistungen-behandlungen\/aesthetische-zahnheilkunde\/zahnaufhellung-bleaching\/\"><span style=\"font-size: 18px; font-family: Lato;\">ZAHNAUFHELLUNG \/ BLEACHING<\/span><\/a><\/span><a style=\"color: #2b4d74;\" href=\"https:\/\/www.studiobianconi.it\/de\/zahnaerztliche-dienstleistungen-behandlungen\/aesthetische-zahnheilkunde\/zahnaufhellung-bleaching\/\"><br \/>\n<\/a><\/strong>Schmerzlose Behandlung um gesunde oder devitalisierte Z\u00e4hne aufzuhellen, ohne den Zahnschmelz zu besch\u00e4digen.[\/vc_column_text][\/vc_column][\/vc_row][vc_row no_margins=&#8220;true&#8220; padding_bottom=&#8220;5&#8243;][vc_column width=&#8220;1\/1&#8243; style=&#8220;&#8220; visibility=&#8220;&#8220; css_animation=&#8220;&#8220; typo_style=&#8220;&#8220; drop_shadow=&#8220;&#8220; bg_style=&#8220;&#8220; border_style=&#8220;&#8220; bg_color=&#8220;rgba(207,226,239,0.51)&#8220;][vc_column_text]<a href=\"https:\/\/www.studiobianconi.it\/de\/zahnaerztliche-dienstleistungen-behandlungen\/aesthetische-zahnheilkunde\/veneers-verblendschale\/\"><img loading=\"lazy\" decoding=\"async\" class=\" size-full wp-image-2266 alignleft\" src=\"https:\/\/www.studiobianconi.it\/wp-content\/uploads\/2015\/01\/Odonto_Estetica_Faccette-300x300-e1438894365869.jpg\" alt=\"Odonto_Estetica_Faccette 300x300\" width=\"140\" height=\"140\" \/><\/a><br \/>\n<span style=\"color: #2b4d74;\"><strong><span style=\"font-size: 18px;\"><a style=\"color: #2b4d74;\" href=\"https:\/\/www.studiobianconi.it\/de\/zahnaerztliche-dienstleistungen-behandlungen\/aesthetische-zahnheilkunde\/veneers-verblendschale\/\">VENEERS<\/a><\/span><\/strong><\/span><br \/>\nDie ideale L\u00f6sung um das Aussehen der Vorderz\u00e4hne zu verbessern.[\/vc_column_text][\/vc_column][\/vc_row][vc_row no_margins=&#8220;true&#8220; padding_bottom=&#8220;5&#8243;][vc_column width=&#8220;1\/1&#8243; style=&#8220;&#8220; visibility=&#8220;&#8220; css_animation=&#8220;&#8220; typo_style=&#8220;&#8220; drop_shadow=&#8220;&#8220; bg_style=&#8220;&#8220; border_style=&#8220;&#8220; bg_color=&#8220;#cfe2ef&#8220;][vc_column_text]<a href=\"https:\/\/www.studiobianconi.it\/de\/zahnaerztliche-dienstleistungen-behandlungen\/aesthetische-zahnheilkunde\/aesthetische-kronen\/\"><img loading=\"lazy\" decoding=\"async\" class=\" size-full wp-image-2264 alignleft\" src=\"https:\/\/www.studiobianconi.it\/wp-content\/uploads\/2015\/01\/Odonto_Estetica_Corone-300x300-e1438894412724.jpg\" alt=\"Odonto_Estetica_Corone 300x300\" width=\"140\" height=\"140\" \/><\/a><span style=\"font-size: 18px; font-family: Lato; color: #2b4d74;\"><a style=\"color: #2b4d74;\" href=\"https:\/\/www.studiobianconi.it\/de\/zahnaerztliche-dienstleistungen-behandlungen\/aesthetische-zahnheilkunde\/aesthetische-kronen\/\"><span style=\"font-size: 18px;\"><br \/>\n<strong>\u04d2STHETISCHE KRONEN<\/strong><\/span><\/a><br \/>\n<\/span>Keramikbeschichtung f\u00fcr beeintr\u00e4chtigte oder besch\u00e4digte Z\u00e4hne.[\/vc_column_text][\/vc_column][\/vc_row]\n<\/div>","protected":false},"excerpt":{"rendered":"<p>[vc_row][vc_column width=&#8220;1\/1&#8243; style=&#8220;&#8220; visibility=&#8220;&#8220; css_animation=&#8220;&#8220; typo_style=&#8220;&#8220; drop_shadow=&#8220;&#8220; bg_style=&#8220;&#8220; border_style=&#8220;&#8220;][vc_single_image border_color=&#8220;grey&#8220; img_link_target=&#8220;_self&#8220; image=&#8220;2142&#8243; img_link_large=&#8220;&#8220; rounded_image=&#8220;&#8220;][\/vc_column][\/vc_row][vc_row][vc_column width=&#8220;1\/1&#8243; style=&#8220;&#8220; visibility=&#8220;&#8220; css_animation=&#8220;&#8220; typo_style=&#8220;&#8220; drop_shadow=&#8220;&#8220; bg_style=&#8220;&#8220; border_style=&#8220;&#8220;][vc_column_text] Es ist bekannt, dass gesunde Z\u00e4hne und ein sch\u00f6nes L\u00e4cheln eine positive Auswirkung auf die Laune haben, das Selbstbewusstsein sowie die Neigung zu sozialen Beziehungen steigern. Aus diesen Gr\u00fcnden ist in den letzten&hellip;<\/p>\n","protected":false},"author":1,"featured_media":0,"parent":2641,"menu_order":0,"comment_status":"closed","ping_status":"closed","template":"","meta":{"footnotes":""},"class_list":["post-2670","page","type-page","status-publish","hentry","entry","no-media"],"yoast_head":"<!-- This site is optimized with the Yoast SEO plugin v26.5 - https:\/\/yoast.com\/wordpress\/plugins\/seo\/ -->\n<title>\u00c4sthetische Zahnheilkunde - Studio Bianconi Zahnarzt Bozen<\/title>\n<meta name=\"description\" content=\"Verbessern Sie die \u00c4sthetik Ihres L\u00e4chelns schmerzlos mit der Zahnaufhellung und den L\u00f6sungen wie Veneers und realistisch, nat\u00fcrlich aussehenden Zahnkronen.\" \/>\n<meta name=\"robots\" content=\"index, follow, max-snippet:-1, max-image-preview:large, max-video-preview:-1\" \/>\n<link rel=\"canonical\" href=\"https:\/\/www.studiobianconi.it\/de\/zahnaerztliche-dienstleistungen-behandlungen\/aesthetische-zahnheilkunde\/\" \/>\n<meta property=\"og:locale\" content=\"de_DE\" \/>\n<meta property=\"og:type\" content=\"article\" \/>\n<meta property=\"og:title\" content=\"\u00c4sthetische Zahnheilkunde - Studio Bianconi Zahnarzt Bozen\" \/>\n<meta property=\"og:description\" content=\"Verbessern Sie die \u00c4sthetik Ihres L\u00e4chelns schmerzlos mit der Zahnaufhellung und den L\u00f6sungen wie Veneers und realistisch, nat\u00fcrlich aussehenden Zahnkronen.\" \/>\n<meta property=\"og:url\" content=\"https:\/\/www.studiobianconi.it\/de\/zahnaerztliche-dienstleistungen-behandlungen\/aesthetische-zahnheilkunde\/\" \/>\n<meta property=\"og:site_name\" content=\"Studio Bianconi\" \/>\n<meta property=\"article:publisher\" content=\"http:\/\/www.facebook.com\/studiobianconi\" \/>\n<meta property=\"article:modified_time\" content=\"2015-08-25T14:41:37+00:00\" \/>\n<meta property=\"og:image\" content=\"https:\/\/www.studiobianconi.it\/wp-content\/uploads\/2015\/03\/Odonto_Estetica_Sbianca-300x300-e1438895491266.jpg\" \/>\n\t<meta property=\"og:image:width\" content=\"140\" \/>\n\t<meta property=\"og:image:height\" content=\"140\" \/>\n\t<meta property=\"og:image:type\" content=\"image\/jpeg\" \/>\n<meta name=\"twitter:card\" content=\"summary_large_image\" \/>\n<meta name=\"twitter:label1\" content=\"Gesch\u00e4tzte Lesezeit\" \/>\n\t<meta name=\"twitter:data1\" content=\"2\u00a0Minuten\" \/>\n<script type=\"application\/ld+json\" class=\"yoast-schema-graph\">{\"@context\":\"https:\/\/schema.org\",\"@graph\":[{\"@type\":\"WebPage\",\"@id\":\"https:\/\/www.studiobianconi.it\/de\/zahnaerztliche-dienstleistungen-behandlungen\/aesthetische-zahnheilkunde\/\",\"url\":\"https:\/\/www.studiobianconi.it\/de\/zahnaerztliche-dienstleistungen-behandlungen\/aesthetische-zahnheilkunde\/\",\"name\":\"\u00c4sthetische Zahnheilkunde - Studio Bianconi Zahnarzt Bozen\",\"isPartOf\":{\"@id\":\"https:\/\/www.studiobianconi.it\/de\/#website\"},\"primaryImageOfPage\":{\"@id\":\"https:\/\/www.studiobianconi.it\/de\/zahnaerztliche-dienstleistungen-behandlungen\/aesthetische-zahnheilkunde\/#primaryimage\"},\"image\":{\"@id\":\"https:\/\/www.studiobianconi.it\/de\/zahnaerztliche-dienstleistungen-behandlungen\/aesthetische-zahnheilkunde\/#primaryimage\"},\"thumbnailUrl\":\"https:\/\/www.studiobianconi.it\/wp-content\/uploads\/2015\/03\/Odonto_Estetica_Sbianca-300x300-e1438895491266.jpg\",\"datePublished\":\"2015-08-13T09:46:58+00:00\",\"dateModified\":\"2015-08-25T14:41:37+00:00\",\"description\":\"Verbessern Sie die \u00c4sthetik Ihres L\u00e4chelns schmerzlos mit der Zahnaufhellung und den L\u00f6sungen wie Veneers und realistisch, nat\u00fcrlich aussehenden Zahnkronen.\",\"breadcrumb\":{\"@id\":\"https:\/\/www.studiobianconi.it\/de\/zahnaerztliche-dienstleistungen-behandlungen\/aesthetische-zahnheilkunde\/#breadcrumb\"},\"inLanguage\":\"de\",\"potentialAction\":[{\"@type\":\"ReadAction\",\"target\":[\"https:\/\/www.studiobianconi.it\/de\/zahnaerztliche-dienstleistungen-behandlungen\/aesthetische-zahnheilkunde\/\"]}]},{\"@type\":\"ImageObject\",\"inLanguage\":\"de\",\"@id\":\"https:\/\/www.studiobianconi.it\/de\/zahnaerztliche-dienstleistungen-behandlungen\/aesthetische-zahnheilkunde\/#primaryimage\",\"url\":\"https:\/\/www.studiobianconi.it\/wp-content\/uploads\/2015\/03\/Odonto_Estetica_Sbianca-300x300-e1438895491266.jpg\",\"contentUrl\":\"https:\/\/www.studiobianconi.it\/wp-content\/uploads\/2015\/03\/Odonto_Estetica_Sbianca-300x300-e1438895491266.jpg\"},{\"@type\":\"BreadcrumbList\",\"@id\":\"https:\/\/www.studiobianconi.it\/de\/zahnaerztliche-dienstleistungen-behandlungen\/aesthetische-zahnheilkunde\/#breadcrumb\",\"itemListElement\":[{\"@type\":\"ListItem\",\"position\":1,\"name\":\"Home\",\"item\":\"https:\/\/www.studiobianconi.it\/de\/\"},{\"@type\":\"ListItem\",\"position\":2,\"name\":\"Dienstleistungen\",\"item\":\"https:\/\/www.studiobianconi.it\/de\/zahnaerztliche-dienstleistungen-behandlungen\/\"},{\"@type\":\"ListItem\",\"position\":3,\"name\":\"\u00c4sthetische Zahnheilkunde\"}]},{\"@type\":\"WebSite\",\"@id\":\"https:\/\/www.studiobianconi.it\/de\/#website\",\"url\":\"https:\/\/www.studiobianconi.it\/de\/\",\"name\":\"Studio Bianconi\",\"description\":\"Studio Bianconi\",\"publisher\":{\"@id\":\"https:\/\/www.studiobianconi.it\/de\/#organization\"},\"potentialAction\":[{\"@type\":\"SearchAction\",\"target\":{\"@type\":\"EntryPoint\",\"urlTemplate\":\"https:\/\/www.studiobianconi.it\/de\/?s={search_term_string}\"},\"query-input\":{\"@type\":\"PropertyValueSpecification\",\"valueRequired\":true,\"valueName\":\"search_term_string\"}}],\"inLanguage\":\"de\"},{\"@type\":\"Organization\",\"@id\":\"https:\/\/www.studiobianconi.it\/de\/#organization\",\"name\":\"Studio Bianconi\",\"url\":\"https:\/\/www.studiobianconi.it\/de\/\",\"logo\":{\"@type\":\"ImageObject\",\"inLanguage\":\"de\",\"@id\":\"https:\/\/www.studiobianconi.it\/de\/#\/schema\/logo\/image\/\",\"url\":\"https:\/\/www.studiobianconi.it\/wp-content\/uploads\/2014\/11\/Logo-Bianconi-Finale-180x80.png\",\"contentUrl\":\"https:\/\/www.studiobianconi.it\/wp-content\/uploads\/2014\/11\/Logo-Bianconi-Finale-180x80.png\",\"width\":180,\"height\":77,\"caption\":\"Studio Bianconi\"},\"image\":{\"@id\":\"https:\/\/www.studiobianconi.it\/de\/#\/schema\/logo\/image\/\"},\"sameAs\":[\"http:\/\/www.facebook.com\/studiobianconi\",\"http:\/\/it.linkedin.com\/in\/bianconistefano\"]}]}<\/script>\n<!-- \/ Yoast SEO plugin. -->","yoast_head_json":{"title":"\u00c4sthetische Zahnheilkunde - Studio Bianconi Zahnarzt Bozen","description":"Verbessern Sie die \u00c4sthetik Ihres L\u00e4chelns schmerzlos mit der Zahnaufhellung und den L\u00f6sungen wie Veneers und realistisch, nat\u00fcrlich aussehenden Zahnkronen.","robots":{"index":"index","follow":"follow","max-snippet":"max-snippet:-1","max-image-preview":"max-image-preview:large","max-video-preview":"max-video-preview:-1"},"canonical":"https:\/\/www.studiobianconi.it\/de\/zahnaerztliche-dienstleistungen-behandlungen\/aesthetische-zahnheilkunde\/","og_locale":"de_DE","og_type":"article","og_title":"\u00c4sthetische Zahnheilkunde - Studio Bianconi Zahnarzt Bozen","og_description":"Verbessern Sie die \u00c4sthetik Ihres L\u00e4chelns schmerzlos mit der Zahnaufhellung und den L\u00f6sungen wie Veneers und realistisch, nat\u00fcrlich aussehenden Zahnkronen.","og_url":"https:\/\/www.studiobianconi.it\/de\/zahnaerztliche-dienstleistungen-behandlungen\/aesthetische-zahnheilkunde\/","og_site_name":"Studio Bianconi","article_publisher":"http:\/\/www.facebook.com\/studiobianconi","article_modified_time":"2015-08-25T14:41:37+00:00","og_image":[{"width":140,"height":140,"url":"https:\/\/www.studiobianconi.it\/wp-content\/uploads\/2015\/03\/Odonto_Estetica_Sbianca-300x300-e1438895491266.jpg","type":"image\/jpeg"}],"twitter_card":"summary_large_image","twitter_misc":{"Gesch\u00e4tzte Lesezeit":"2\u00a0Minuten"},"schema":{"@context":"https:\/\/schema.org","@graph":[{"@type":"WebPage","@id":"https:\/\/www.studiobianconi.it\/de\/zahnaerztliche-dienstleistungen-behandlungen\/aesthetische-zahnheilkunde\/","url":"https:\/\/www.studiobianconi.it\/de\/zahnaerztliche-dienstleistungen-behandlungen\/aesthetische-zahnheilkunde\/","name":"\u00c4sthetische Zahnheilkunde - Studio Bianconi Zahnarzt Bozen","isPartOf":{"@id":"https:\/\/www.studiobianconi.it\/de\/#website"},"primaryImageOfPage":{"@id":"https:\/\/www.studiobianconi.it\/de\/zahnaerztliche-dienstleistungen-behandlungen\/aesthetische-zahnheilkunde\/#primaryimage"},"image":{"@id":"https:\/\/www.studiobianconi.it\/de\/zahnaerztliche-dienstleistungen-behandlungen\/aesthetische-zahnheilkunde\/#primaryimage"},"thumbnailUrl":"https:\/\/www.studiobianconi.it\/wp-content\/uploads\/2015\/03\/Odonto_Estetica_Sbianca-300x300-e1438895491266.jpg","datePublished":"2015-08-13T09:46:58+00:00","dateModified":"2015-08-25T14:41:37+00:00","description":"Verbessern Sie die \u00c4sthetik Ihres L\u00e4chelns schmerzlos mit der Zahnaufhellung und den L\u00f6sungen wie Veneers und realistisch, nat\u00fcrlich aussehenden Zahnkronen.","breadcrumb":{"@id":"https:\/\/www.studiobianconi.it\/de\/zahnaerztliche-dienstleistungen-behandlungen\/aesthetische-zahnheilkunde\/#breadcrumb"},"inLanguage":"de","potentialAction":[{"@type":"ReadAction","target":["https:\/\/www.studiobianconi.it\/de\/zahnaerztliche-dienstleistungen-behandlungen\/aesthetische-zahnheilkunde\/"]}]},{"@type":"ImageObject","inLanguage":"de","@id":"https:\/\/www.studiobianconi.it\/de\/zahnaerztliche-dienstleistungen-behandlungen\/aesthetische-zahnheilkunde\/#primaryimage","url":"https:\/\/www.studiobianconi.it\/wp-content\/uploads\/2015\/03\/Odonto_Estetica_Sbianca-300x300-e1438895491266.jpg","contentUrl":"https:\/\/www.studiobianconi.it\/wp-content\/uploads\/2015\/03\/Odonto_Estetica_Sbianca-300x300-e1438895491266.jpg"},{"@type":"BreadcrumbList","@id":"https:\/\/www.studiobianconi.it\/de\/zahnaerztliche-dienstleistungen-behandlungen\/aesthetische-zahnheilkunde\/#breadcrumb","itemListElement":[{"@type":"ListItem","position":1,"name":"Home","item":"https:\/\/www.studiobianconi.it\/de\/"},{"@type":"ListItem","position":2,"name":"Dienstleistungen","item":"https:\/\/www.studiobianconi.it\/de\/zahnaerztliche-dienstleistungen-behandlungen\/"},{"@type":"ListItem","position":3,"name":"\u00c4sthetische Zahnheilkunde"}]},{"@type":"WebSite","@id":"https:\/\/www.studiobianconi.it\/de\/#website","url":"https:\/\/www.studiobianconi.it\/de\/","name":"Studio Bianconi","description":"Studio Bianconi","publisher":{"@id":"https:\/\/www.studiobianconi.it\/de\/#organization"},"potentialAction":[{"@type":"SearchAction","target":{"@type":"EntryPoint","urlTemplate":"https:\/\/www.studiobianconi.it\/de\/?s={search_term_string}"},"query-input":{"@type":"PropertyValueSpecification","valueRequired":true,"valueName":"search_term_string"}}],"inLanguage":"de"},{"@type":"Organization","@id":"https:\/\/www.studiobianconi.it\/de\/#organization","name":"Studio Bianconi","url":"https:\/\/www.studiobianconi.it\/de\/","logo":{"@type":"ImageObject","inLanguage":"de","@id":"https:\/\/www.studiobianconi.it\/de\/#\/schema\/logo\/image\/","url":"https:\/\/www.studiobianconi.it\/wp-content\/uploads\/2014\/11\/Logo-Bianconi-Finale-180x80.png","contentUrl":"https:\/\/www.studiobianconi.it\/wp-content\/uploads\/2014\/11\/Logo-Bianconi-Finale-180x80.png","width":180,"height":77,"caption":"Studio Bianconi"},"image":{"@id":"https:\/\/www.studiobianconi.it\/de\/#\/schema\/logo\/image\/"},"sameAs":["http:\/\/www.facebook.com\/studiobianconi","http:\/\/it.linkedin.com\/in\/bianconistefano"]}]}},"_links":{"self":[{"href":"https:\/\/www.studiobianconi.it\/de\/wp-json\/wp\/v2\/pages\/2670","targetHints":{"allow":["GET"]}}],"collection":[{"href":"https:\/\/www.studiobianconi.it\/de\/wp-json\/wp\/v2\/pages"}],"about":[{"href":"https:\/\/www.studiobianconi.it\/de\/wp-json\/wp\/v2\/types\/page"}],"author":[{"embeddable":true,"href":"https:\/\/www.studiobianconi.it\/de\/wp-json\/wp\/v2\/users\/1"}],"replies":[{"embeddable":true,"href":"https:\/\/www.studiobianconi.it\/de\/wp-json\/wp\/v2\/comments?post=2670"}],"version-history":[{"count":6,"href":"https:\/\/www.studiobianconi.it\/de\/wp-json\/wp\/v2\/pages\/2670\/revisions"}],"predecessor-version":[{"id":2860,"href":"https:\/\/www.studiobianconi.it\/de\/wp-json\/wp\/v2\/pages\/2670\/revisions\/2860"}],"up":[{"embeddable":true,"href":"https:\/\/www.studiobianconi.it\/de\/wp-json\/wp\/v2\/pages\/2641"}],"wp:attachment":[{"href":"https:\/\/www.studiobianconi.it\/de\/wp-json\/wp\/v2\/media?parent=2670"}],"curies":[{"name":"wp","href":"https:\/\/api.w.org\/{rel}","templated":true}]}}