{"id":2666,"date":"2015-08-13T11:43:20","date_gmt":"2015-08-13T09:43:20","guid":{"rendered":"http:\/\/studiobianconi.it\/?page_id=2666"},"modified":"2015-09-09T12:31:47","modified_gmt":"2015-09-09T10:31:47","slug":"mundhygiene-zahnreinigung","status":"publish","type":"page","link":"https:\/\/www.studiobianconi.it\/de\/zahnaerztliche-dienstleistungen-behandlungen\/mundhygiene-zahnreinigung\/","title":{"rendered":"Mundhygiene"},"content":{"rendered":"<div class=\"wpb-content-wrapper\">[vc_row full_width=&#8220;&#8220; parallax_image=&#8220;&#8220; visibility=&#8220;&#8220; css_animation=&#8220;&#8220; center_row=&#8220;&#8220; typography_style=&#8220;&#8220; column_spacing=&#8220;&#8220; tablet_fullwidth_cols=&#8220;&#8220; bg_style=&#8220;&#8220; parallax=&#8220;&#8220; parallax_mobile=&#8220;&#8220; parallax_style=&#8220;&#8220; parallax_direction=&#8220;&#8220; video_bg=&#8220;&#8220; video_bg_overlay=&#8220;&#8220; border_style=&#8220;&#8220;][vc_column width=&#8220;1\/1&#8243; style=&#8220;&#8220; visibility=&#8220;&#8220; css_animation=&#8220;&#8220; typo_style=&#8220;&#8220; drop_shadow=&#8220;&#8220; bg_style=&#8220;&#8220; border_style=&#8220;&#8220;][vc_single_image image=&#8220;2116&#8243; alignment=&#8220;&#8220; style=&#8220;&#8220; border_color=&#8220;grey&#8220; img_link_large=&#8220;&#8220; img_link_target=&#8220;_self&#8220; css_animation=&#8220;&#8220; img_hover=&#8220;&#8220; img_filter=&#8220;&#8220; rounded_image=&#8220;&#8220; lightbox_iframe_type=&#8220;&#8220;][\/vc_column][\/vc_row][vc_row full_width=&#8220;&#8220; parallax_image=&#8220;&#8220; visibility=&#8220;&#8220; css_animation=&#8220;&#8220; center_row=&#8220;&#8220; typography_style=&#8220;&#8220; column_spacing=&#8220;&#8220; tablet_fullwidth_cols=&#8220;&#8220; bg_style=&#8220;&#8220; parallax=&#8220;&#8220; parallax_mobile=&#8220;&#8220; parallax_style=&#8220;&#8220; parallax_direction=&#8220;&#8220; video_bg=&#8220;&#8220; video_bg_overlay=&#8220;&#8220; border_style=&#8220;&#8220;][vc_column width=&#8220;1\/1&#8243; style=&#8220;&#8220; visibility=&#8220;&#8220; css_animation=&#8220;&#8220; typo_style=&#8220;&#8220; drop_shadow=&#8220;&#8220; bg_style=&#8220;&#8220; border_style=&#8220;&#8220;][vc_column_text]\n<p style=\"text-align: justify;\">Die Mundhygiene ist die erste Form der Vorbeugung gegen Munderkrankungen und gleichzeitig eine grundlegende Bedingung f\u00fcr den langfristigen Erfolg jeder Zahnbehandlung.<\/p>\n<figure id=\"attachment_2473\" aria-describedby=\"caption-attachment-2473\" style=\"width: 320px\" class=\"wp-caption alignleft\"><img loading=\"lazy\" decoding=\"async\" class=\"wp-image-2473 size-full\" src=\"https:\/\/www.studiobianconi.it\/wp-content\/uploads\/2015\/01\/igiene-orale-filo-interdentale_LOW130169234-e1439216891535.jpg\" alt=\"Mundhygiene Zahnseide interdentalen Zwischenr\u00e4ume Studio Bianconi Zahnarzt Bolzano\" width=\"320\" height=\"213\" \/><figcaption id=\"caption-attachment-2473\" class=\"wp-caption-text\">Die Zahnseide, erforderlich um die interdentalen Zwischenr\u00e4ume sauber zu halten, reicht sowieso nicht aus um das Entstehen von Zahnstein zu vermeiden.<\/figcaption><\/figure>\n<p style=\"text-align: justify;\">Die <strong>t\u00e4gliche<\/strong> Einnahme von Speisen und Getr\u00e4nken, aber auch <strong>ungesunde<\/strong> <strong>Gewohnheiten<\/strong> wie das Rauchen und Kauen von Bonbons, f\u00fchren dazu, dass sich Speisereste sammeln und die <strong>Entwicklung von Bakterien im Mund<\/strong> f\u00f6rdern, welche wiederum <a href=\"https:\/\/de.wikipedia.org\/wiki\/Zahnbelag\" target=\"_blank\">Zahnbelag<\/a> und <a href=\"https:\/\/de.wikipedia.org\/wiki\/Zahnstein\" target=\"_blank\">Zahnstein<\/a> verursachen und somit Entz\u00fcndungen, <a href=\"https:\/\/www.studiobianconi.it\/de\/zahnaerztliche-dienstleistungen-behandlungen\/parodontologie\/\">Parodontalerkrankungen<\/a> und <a href=\"https:\/\/de.wikipedia.org\/wiki\/Zahnkaries\" target=\"_blank\">Karies<\/a>.<\/p>\n<p style=\"text-align: justify;\">Die Zahnpflege zu Hause ist grundlegend und sehr hilfreich wenn konstant und regelm\u00e4\u00dfig durchgef\u00fchrt, nicht nur anhand der Zahnb\u00fcrste, sondern auch mit <a href=\"https:\/\/de.wikipedia.org\/wiki\/Zahnseide\" target=\"_blank\">Zahnseide<\/a> und <strong>Zwischenraumb\u00fcrstchen<\/strong>; die h\u00e4usliche Mundhygiene allein ist aber nicht ausreichend und muss durch eine professionelle Hygienebehandlung erg\u00e4nzt werden, die im Durchschnitt <strong>halbj\u00e4hrlich<\/strong> durchgef\u00fchrt wird:<\/p>\n<ul style=\"text-align: justify;\">\n<li><strong>Zahnsteinentfernung<\/strong>: Als Zahnstein bezeichnet man den Zahnbelag, welcher aus dem Zusammenspiel zwischen <strong>Plaque<\/strong> (Mikroorganismen welche sich an den Zahn befestigen) und <strong>Kalziumsalze des Speichels <\/strong>entsteht. Wenn er zustande kommt, kann man <strong>Zahnstein leider nicht mit Zahnb\u00fcrste und Zahnseide entfernen<\/strong>. Das Fachpersonal, hingegen, verf\u00fcgt \u00fcber eigens vorgesehene Instrumente (\u201eCurette\u201c und \u201eScaler\u201c) oder Ultraschall Ger\u00e4te, mit denen der Zahnstein entfernt werden kann<\/li>\n<li><strong>Polishing: <\/strong>F\u00fcr diese Reinigungstechnik werden rotierende Zahnb\u00fcrsten und Gummikelche im Zusammenspiel mit einer Polierpaste angewandt.\n<figure id=\"attachment_2475\" aria-describedby=\"caption-attachment-2475\" style=\"width: 320px\" class=\"wp-caption alignright\"><img loading=\"lazy\" decoding=\"async\" class=\"wp-image-2475 size-full\" src=\"https:\/\/www.studiobianconi.it\/wp-content\/uploads\/2015\/01\/igiene-orale_LOW239365990-e1439217225899.jpg\" alt=\"Mundhygiene Gummikelche Polishing Studio Bianconi Zahnarzt Bolzano\" width=\"320\" height=\"213\" \/><figcaption id=\"caption-attachment-2475\" class=\"wp-caption-text\">Polishing Gummikelche.<\/figcaption><\/figure>\n<p>In schwer zug\u00e4nglichen Zonen kann man auf ein Gemisch aus Luft, Wasser und Pulver (in der Regel Natriumbikarbonat) zur\u00fcckgreifen, um Plaque und Bel\u00e4ge zu entfernen (oberfl\u00e4chliche Flecken, Speisereste usw.), die ansonsten Zahnstein und Karies verursachen k\u00f6nnten.<\/li>\n<li><strong>Wurzelgl\u00e4ttung (oder root planing): <\/strong>Vernachl\u00e4ssigter Zahnstein kann mit der Zeit in den <strong>subgingivalen Bereich<\/strong> dringen (in die <a href=\"http:\/\/de.wikipedia.org\/wiki\/Zahnfleisch#Zahnfleischtaschen\" target=\"_blank\">Zahnfleischtaschen<\/a>) und wird mit den Handinstrumenten beseitigt, mit denen die Zahnsteinentfernung erfolgt (Scalers, Curettes und Utraschallspitzen). Manchmal k\u00f6nnen mehrfache Eingriffe erforderlich sein und in bestimmten F\u00e4llen unterzieht man den Patienten einer Lokalnarkose, um dem Patienten keine Unannehmlichkeiten zu bereiten.<\/li>\n<\/ul>\n<p style=\"text-align: justify;\">Um die <strong>Zahnreinigung zu vereinfachen und die Bereiche zu erkennen, die eine besondere Pflege erfordern<\/strong>, aber auch um das Ergebnis zu pr\u00fcfen, k\u00f6nnen sogenannte \u201ePlaque Detektoren\u201c verwendet werden, die sich verf\u00e4rben sobald sie mit Zahnbelag in Ber\u00fchrung kommen und diesen hervorheben. Dies erfolgt durch eine ganz normale Aussp\u00fclung, wie mit den Mundsp\u00fclungen, oder indem der Revelator direkt auf die Zahnoberfl\u00e4che anhand eines Pinsels aufgetragen wird.<\/p>\n[\/vc_column_text][\/vc_column][\/vc_row]\n<\/div>","protected":false},"excerpt":{"rendered":"<p>[vc_row full_width=&#8220;&#8220; parallax_image=&#8220;&#8220; visibility=&#8220;&#8220; css_animation=&#8220;&#8220; center_row=&#8220;&#8220; typography_style=&#8220;&#8220; column_spacing=&#8220;&#8220; tablet_fullwidth_cols=&#8220;&#8220; bg_style=&#8220;&#8220; parallax=&#8220;&#8220; parallax_mobile=&#8220;&#8220; parallax_style=&#8220;&#8220; parallax_direction=&#8220;&#8220; video_bg=&#8220;&#8220; video_bg_overlay=&#8220;&#8220; border_style=&#8220;&#8220;][vc_column width=&#8220;1\/1&#8243; style=&#8220;&#8220; visibility=&#8220;&#8220; css_animation=&#8220;&#8220; typo_style=&#8220;&#8220; drop_shadow=&#8220;&#8220; bg_style=&#8220;&#8220; border_style=&#8220;&#8220;][vc_single_image image=&#8220;2116&#8243; alignment=&#8220;&#8220; style=&#8220;&#8220; border_color=&#8220;grey&#8220; img_link_large=&#8220;&#8220; img_link_target=&#8220;_self&#8220; css_animation=&#8220;&#8220; img_hover=&#8220;&#8220; img_filter=&#8220;&#8220; rounded_image=&#8220;&#8220; lightbox_iframe_type=&#8220;&#8220;][\/vc_column][\/vc_row][vc_row full_width=&#8220;&#8220; parallax_image=&#8220;&#8220; visibility=&#8220;&#8220; css_animation=&#8220;&#8220; center_row=&#8220;&#8220; typography_style=&#8220;&#8220; column_spacing=&#8220;&#8220; tablet_fullwidth_cols=&#8220;&#8220; bg_style=&#8220;&#8220; parallax=&#8220;&#8220; parallax_mobile=&#8220;&#8220; parallax_style=&#8220;&#8220; parallax_direction=&#8220;&#8220; video_bg=&#8220;&#8220; video_bg_overlay=&#8220;&#8220; border_style=&#8220;&#8220;][vc_column width=&#8220;1\/1&#8243; style=&#8220;&#8220; visibility=&#8220;&#8220;&hellip;<\/p>\n","protected":false},"author":1,"featured_media":0,"parent":2641,"menu_order":0,"comment_status":"open","ping_status":"open","template":"","meta":{"footnotes":""},"class_list":["post-2666","page","type-page","status-publish","hentry","entry","no-media"],"yoast_head":"<!-- This site is optimized with the Yoast SEO plugin v26.5 - https:\/\/yoast.com\/wordpress\/plugins\/seo\/ -->\n<title>Mundhygiene Zahnreinigung - Studio Bianconi Zahnarzt Bozen<\/title>\n<meta name=\"description\" content=\"Zahnbelag und Zahnstein professionell zu entfernen ist f\u00fcr die Vorbeugung vieler Erkrankungen und Haltbarkeit ausgef\u00fchrter Eingriffe grundlegend.\" \/>\n<meta name=\"robots\" content=\"index, follow, max-snippet:-1, max-image-preview:large, max-video-preview:-1\" \/>\n<link rel=\"canonical\" href=\"https:\/\/www.studiobianconi.it\/de\/zahnaerztliche-dienstleistungen-behandlungen\/mundhygiene-zahnreinigung\/\" \/>\n<meta property=\"og:locale\" content=\"de_DE\" \/>\n<meta property=\"og:type\" content=\"article\" \/>\n<meta property=\"og:title\" content=\"Mundhygiene Zahnreinigung - Studio Bianconi Zahnarzt Bozen\" \/>\n<meta property=\"og:description\" content=\"Zahnbelag und Zahnstein professionell zu entfernen ist f\u00fcr die Vorbeugung vieler Erkrankungen und Haltbarkeit ausgef\u00fchrter Eingriffe grundlegend.\" \/>\n<meta property=\"og:url\" content=\"https:\/\/www.studiobianconi.it\/de\/zahnaerztliche-dienstleistungen-behandlungen\/mundhygiene-zahnreinigung\/\" \/>\n<meta property=\"og:site_name\" content=\"Studio Bianconi\" \/>\n<meta property=\"article:publisher\" content=\"http:\/\/www.facebook.com\/studiobianconi\" \/>\n<meta property=\"article:modified_time\" content=\"2015-09-09T10:31:47+00:00\" \/>\n<meta property=\"og:image\" content=\"https:\/\/www.studiobianconi.it\/wp-content\/uploads\/2015\/01\/igiene-orale-filo-interdentale_LOW130169234-e1439216891535.jpg\" \/>\n\t<meta property=\"og:image:width\" content=\"320\" \/>\n\t<meta property=\"og:image:height\" content=\"213\" \/>\n\t<meta property=\"og:image:type\" content=\"image\/jpeg\" \/>\n<meta name=\"twitter:card\" content=\"summary_large_image\" \/>\n<meta name=\"twitter:label1\" content=\"Gesch\u00e4tzte Lesezeit\" \/>\n\t<meta name=\"twitter:data1\" content=\"3\u00a0Minuten\" \/>\n<script type=\"application\/ld+json\" class=\"yoast-schema-graph\">{\"@context\":\"https:\/\/schema.org\",\"@graph\":[{\"@type\":\"WebPage\",\"@id\":\"https:\/\/www.studiobianconi.it\/de\/zahnaerztliche-dienstleistungen-behandlungen\/mundhygiene-zahnreinigung\/\",\"url\":\"https:\/\/www.studiobianconi.it\/de\/zahnaerztliche-dienstleistungen-behandlungen\/mundhygiene-zahnreinigung\/\",\"name\":\"Mundhygiene Zahnreinigung - Studio Bianconi Zahnarzt Bozen\",\"isPartOf\":{\"@id\":\"https:\/\/www.studiobianconi.it\/de\/#website\"},\"primaryImageOfPage\":{\"@id\":\"https:\/\/www.studiobianconi.it\/de\/zahnaerztliche-dienstleistungen-behandlungen\/mundhygiene-zahnreinigung\/#primaryimage\"},\"image\":{\"@id\":\"https:\/\/www.studiobianconi.it\/de\/zahnaerztliche-dienstleistungen-behandlungen\/mundhygiene-zahnreinigung\/#primaryimage\"},\"thumbnailUrl\":\"https:\/\/www.studiobianconi.it\/wp-content\/uploads\/2015\/01\/igiene-orale-filo-interdentale_LOW130169234-e1439216891535.jpg\",\"datePublished\":\"2015-08-13T09:43:20+00:00\",\"dateModified\":\"2015-09-09T10:31:47+00:00\",\"description\":\"Zahnbelag und Zahnstein professionell zu entfernen ist f\u00fcr die Vorbeugung vieler Erkrankungen und Haltbarkeit ausgef\u00fchrter Eingriffe grundlegend.\",\"breadcrumb\":{\"@id\":\"https:\/\/www.studiobianconi.it\/de\/zahnaerztliche-dienstleistungen-behandlungen\/mundhygiene-zahnreinigung\/#breadcrumb\"},\"inLanguage\":\"de\",\"potentialAction\":[{\"@type\":\"ReadAction\",\"target\":[\"https:\/\/www.studiobianconi.it\/de\/zahnaerztliche-dienstleistungen-behandlungen\/mundhygiene-zahnreinigung\/\"]}]},{\"@type\":\"ImageObject\",\"inLanguage\":\"de\",\"@id\":\"https:\/\/www.studiobianconi.it\/de\/zahnaerztliche-dienstleistungen-behandlungen\/mundhygiene-zahnreinigung\/#primaryimage\",\"url\":\"https:\/\/www.studiobianconi.it\/wp-content\/uploads\/2015\/01\/igiene-orale-filo-interdentale_LOW130169234-e1439216891535.jpg\",\"contentUrl\":\"https:\/\/www.studiobianconi.it\/wp-content\/uploads\/2015\/01\/igiene-orale-filo-interdentale_LOW130169234-e1439216891535.jpg\"},{\"@type\":\"BreadcrumbList\",\"@id\":\"https:\/\/www.studiobianconi.it\/de\/zahnaerztliche-dienstleistungen-behandlungen\/mundhygiene-zahnreinigung\/#breadcrumb\",\"itemListElement\":[{\"@type\":\"ListItem\",\"position\":1,\"name\":\"Home\",\"item\":\"https:\/\/www.studiobianconi.it\/de\/\"},{\"@type\":\"ListItem\",\"position\":2,\"name\":\"Dienstleistungen\",\"item\":\"https:\/\/www.studiobianconi.it\/de\/zahnaerztliche-dienstleistungen-behandlungen\/\"},{\"@type\":\"ListItem\",\"position\":3,\"name\":\"Mundhygiene\"}]},{\"@type\":\"WebSite\",\"@id\":\"https:\/\/www.studiobianconi.it\/de\/#website\",\"url\":\"https:\/\/www.studiobianconi.it\/de\/\",\"name\":\"Studio Bianconi\",\"description\":\"Studio Bianconi\",\"publisher\":{\"@id\":\"https:\/\/www.studiobianconi.it\/de\/#organization\"},\"potentialAction\":[{\"@type\":\"SearchAction\",\"target\":{\"@type\":\"EntryPoint\",\"urlTemplate\":\"https:\/\/www.studiobianconi.it\/de\/?s={search_term_string}\"},\"query-input\":{\"@type\":\"PropertyValueSpecification\",\"valueRequired\":true,\"valueName\":\"search_term_string\"}}],\"inLanguage\":\"de\"},{\"@type\":\"Organization\",\"@id\":\"https:\/\/www.studiobianconi.it\/de\/#organization\",\"name\":\"Studio Bianconi\",\"url\":\"https:\/\/www.studiobianconi.it\/de\/\",\"logo\":{\"@type\":\"ImageObject\",\"inLanguage\":\"de\",\"@id\":\"https:\/\/www.studiobianconi.it\/de\/#\/schema\/logo\/image\/\",\"url\":\"https:\/\/www.studiobianconi.it\/wp-content\/uploads\/2014\/11\/Logo-Bianconi-Finale-180x80.png\",\"contentUrl\":\"https:\/\/www.studiobianconi.it\/wp-content\/uploads\/2014\/11\/Logo-Bianconi-Finale-180x80.png\",\"width\":180,\"height\":77,\"caption\":\"Studio Bianconi\"},\"image\":{\"@id\":\"https:\/\/www.studiobianconi.it\/de\/#\/schema\/logo\/image\/\"},\"sameAs\":[\"http:\/\/www.facebook.com\/studiobianconi\",\"http:\/\/it.linkedin.com\/in\/bianconistefano\"]}]}<\/script>\n<!-- \/ Yoast SEO plugin. -->","yoast_head_json":{"title":"Mundhygiene Zahnreinigung - Studio Bianconi Zahnarzt Bozen","description":"Zahnbelag und Zahnstein professionell zu entfernen ist f\u00fcr die Vorbeugung vieler Erkrankungen und Haltbarkeit ausgef\u00fchrter Eingriffe grundlegend.","robots":{"index":"index","follow":"follow","max-snippet":"max-snippet:-1","max-image-preview":"max-image-preview:large","max-video-preview":"max-video-preview:-1"},"canonical":"https:\/\/www.studiobianconi.it\/de\/zahnaerztliche-dienstleistungen-behandlungen\/mundhygiene-zahnreinigung\/","og_locale":"de_DE","og_type":"article","og_title":"Mundhygiene Zahnreinigung - Studio Bianconi Zahnarzt Bozen","og_description":"Zahnbelag und Zahnstein professionell zu entfernen ist f\u00fcr die Vorbeugung vieler Erkrankungen und Haltbarkeit ausgef\u00fchrter Eingriffe grundlegend.","og_url":"https:\/\/www.studiobianconi.it\/de\/zahnaerztliche-dienstleistungen-behandlungen\/mundhygiene-zahnreinigung\/","og_site_name":"Studio Bianconi","article_publisher":"http:\/\/www.facebook.com\/studiobianconi","article_modified_time":"2015-09-09T10:31:47+00:00","og_image":[{"width":320,"height":213,"url":"https:\/\/www.studiobianconi.it\/wp-content\/uploads\/2015\/01\/igiene-orale-filo-interdentale_LOW130169234-e1439216891535.jpg","type":"image\/jpeg"}],"twitter_card":"summary_large_image","twitter_misc":{"Gesch\u00e4tzte Lesezeit":"3\u00a0Minuten"},"schema":{"@context":"https:\/\/schema.org","@graph":[{"@type":"WebPage","@id":"https:\/\/www.studiobianconi.it\/de\/zahnaerztliche-dienstleistungen-behandlungen\/mundhygiene-zahnreinigung\/","url":"https:\/\/www.studiobianconi.it\/de\/zahnaerztliche-dienstleistungen-behandlungen\/mundhygiene-zahnreinigung\/","name":"Mundhygiene Zahnreinigung - Studio Bianconi Zahnarzt Bozen","isPartOf":{"@id":"https:\/\/www.studiobianconi.it\/de\/#website"},"primaryImageOfPage":{"@id":"https:\/\/www.studiobianconi.it\/de\/zahnaerztliche-dienstleistungen-behandlungen\/mundhygiene-zahnreinigung\/#primaryimage"},"image":{"@id":"https:\/\/www.studiobianconi.it\/de\/zahnaerztliche-dienstleistungen-behandlungen\/mundhygiene-zahnreinigung\/#primaryimage"},"thumbnailUrl":"https:\/\/www.studiobianconi.it\/wp-content\/uploads\/2015\/01\/igiene-orale-filo-interdentale_LOW130169234-e1439216891535.jpg","datePublished":"2015-08-13T09:43:20+00:00","dateModified":"2015-09-09T10:31:47+00:00","description":"Zahnbelag und Zahnstein professionell zu entfernen ist f\u00fcr die Vorbeugung vieler Erkrankungen und Haltbarkeit ausgef\u00fchrter Eingriffe grundlegend.","breadcrumb":{"@id":"https:\/\/www.studiobianconi.it\/de\/zahnaerztliche-dienstleistungen-behandlungen\/mundhygiene-zahnreinigung\/#breadcrumb"},"inLanguage":"de","potentialAction":[{"@type":"ReadAction","target":["https:\/\/www.studiobianconi.it\/de\/zahnaerztliche-dienstleistungen-behandlungen\/mundhygiene-zahnreinigung\/"]}]},{"@type":"ImageObject","inLanguage":"de","@id":"https:\/\/www.studiobianconi.it\/de\/zahnaerztliche-dienstleistungen-behandlungen\/mundhygiene-zahnreinigung\/#primaryimage","url":"https:\/\/www.studiobianconi.it\/wp-content\/uploads\/2015\/01\/igiene-orale-filo-interdentale_LOW130169234-e1439216891535.jpg","contentUrl":"https:\/\/www.studiobianconi.it\/wp-content\/uploads\/2015\/01\/igiene-orale-filo-interdentale_LOW130169234-e1439216891535.jpg"},{"@type":"BreadcrumbList","@id":"https:\/\/www.studiobianconi.it\/de\/zahnaerztliche-dienstleistungen-behandlungen\/mundhygiene-zahnreinigung\/#breadcrumb","itemListElement":[{"@type":"ListItem","position":1,"name":"Home","item":"https:\/\/www.studiobianconi.it\/de\/"},{"@type":"ListItem","position":2,"name":"Dienstleistungen","item":"https:\/\/www.studiobianconi.it\/de\/zahnaerztliche-dienstleistungen-behandlungen\/"},{"@type":"ListItem","position":3,"name":"Mundhygiene"}]},{"@type":"WebSite","@id":"https:\/\/www.studiobianconi.it\/de\/#website","url":"https:\/\/www.studiobianconi.it\/de\/","name":"Studio Bianconi","description":"Studio Bianconi","publisher":{"@id":"https:\/\/www.studiobianconi.it\/de\/#organization"},"potentialAction":[{"@type":"SearchAction","target":{"@type":"EntryPoint","urlTemplate":"https:\/\/www.studiobianconi.it\/de\/?s={search_term_string}"},"query-input":{"@type":"PropertyValueSpecification","valueRequired":true,"valueName":"search_term_string"}}],"inLanguage":"de"},{"@type":"Organization","@id":"https:\/\/www.studiobianconi.it\/de\/#organization","name":"Studio Bianconi","url":"https:\/\/www.studiobianconi.it\/de\/","logo":{"@type":"ImageObject","inLanguage":"de","@id":"https:\/\/www.studiobianconi.it\/de\/#\/schema\/logo\/image\/","url":"https:\/\/www.studiobianconi.it\/wp-content\/uploads\/2014\/11\/Logo-Bianconi-Finale-180x80.png","contentUrl":"https:\/\/www.studiobianconi.it\/wp-content\/uploads\/2014\/11\/Logo-Bianconi-Finale-180x80.png","width":180,"height":77,"caption":"Studio Bianconi"},"image":{"@id":"https:\/\/www.studiobianconi.it\/de\/#\/schema\/logo\/image\/"},"sameAs":["http:\/\/www.facebook.com\/studiobianconi","http:\/\/it.linkedin.com\/in\/bianconistefano"]}]}},"_links":{"self":[{"href":"https:\/\/www.studiobianconi.it\/de\/wp-json\/wp\/v2\/pages\/2666","targetHints":{"allow":["GET"]}}],"collection":[{"href":"https:\/\/www.studiobianconi.it\/de\/wp-json\/wp\/v2\/pages"}],"about":[{"href":"https:\/\/www.studiobianconi.it\/de\/wp-json\/wp\/v2\/types\/page"}],"author":[{"embeddable":true,"href":"https:\/\/www.studiobianconi.it\/de\/wp-json\/wp\/v2\/users\/1"}],"replies":[{"embeddable":true,"href":"https:\/\/www.studiobianconi.it\/de\/wp-json\/wp\/v2\/comments?post=2666"}],"version-history":[{"count":5,"href":"https:\/\/www.studiobianconi.it\/de\/wp-json\/wp\/v2\/pages\/2666\/revisions"}],"predecessor-version":[{"id":3350,"href":"https:\/\/www.studiobianconi.it\/de\/wp-json\/wp\/v2\/pages\/2666\/revisions\/3350"}],"up":[{"embeddable":true,"href":"https:\/\/www.studiobianconi.it\/de\/wp-json\/wp\/v2\/pages\/2641"}],"wp:attachment":[{"href":"https:\/\/www.studiobianconi.it\/de\/wp-json\/wp\/v2\/media?parent=2666"}],"curies":[{"name":"wp","href":"https:\/\/api.w.org\/{rel}","templated":true}]}}