{"id":2646,"date":"2015-01-20T10:56:47","date_gmt":"2015-01-20T09:56:47","guid":{"rendered":"http:\/\/studiobianconi.it\/zahnaerztliche-dienstleistungen-behandlungen\/endodonzia\/"},"modified":"2015-08-31T16:22:31","modified_gmt":"2015-08-31T14:22:31","slug":"endodontie","status":"publish","type":"page","link":"https:\/\/www.studiobianconi.it\/de\/zahnaerztliche-dienstleistungen-behandlungen\/endodontie\/","title":{"rendered":"Endodontie"},"content":{"rendered":"<div class=\"wpb-content-wrapper\">[vc_row full_width=&#8220;&#8220; parallax_image=&#8220;&#8220; visibility=&#8220;&#8220; css_animation=&#8220;&#8220; center_row=&#8220;&#8220; typography_style=&#8220;&#8220; column_spacing=&#8220;&#8220; tablet_fullwidth_cols=&#8220;&#8220; bg_style=&#8220;&#8220; parallax=&#8220;&#8220; parallax_mobile=&#8220;&#8220; parallax_style=&#8220;&#8220; parallax_direction=&#8220;&#8220; video_bg=&#8220;&#8220; video_bg_overlay=&#8220;&#8220; border_style=&#8220;&#8220;][vc_column width=&#8220;1\/1&#8243; style=&#8220;&#8220; visibility=&#8220;&#8220; css_animation=&#8220;&#8220; typo_style=&#8220;&#8220; drop_shadow=&#8220;&#8220; bg_style=&#8220;&#8220; border_style=&#8220;&#8220;][vc_single_image image=&#8220;2114&#8243; alignment=&#8220;&#8220; style=&#8220;&#8220; border_color=&#8220;grey&#8220; img_link_large=&#8220;&#8220; img_link_target=&#8220;_self&#8220; css_animation=&#8220;&#8220; img_hover=&#8220;&#8220; img_filter=&#8220;&#8220; rounded_image=&#8220;&#8220; lightbox_iframe_type=&#8220;&#8220;][\/vc_column][\/vc_row][vc_row full_width=&#8220;&#8220; parallax_image=&#8220;&#8220; visibility=&#8220;&#8220; css_animation=&#8220;&#8220; center_row=&#8220;&#8220; typography_style=&#8220;&#8220; column_spacing=&#8220;&#8220; tablet_fullwidth_cols=&#8220;&#8220; bg_style=&#8220;&#8220; parallax=&#8220;&#8220; parallax_mobile=&#8220;&#8220; parallax_style=&#8220;&#8220; parallax_direction=&#8220;&#8220; video_bg=&#8220;&#8220; video_bg_overlay=&#8220;&#8220; border_style=&#8220;&#8220;][vc_column width=&#8220;1\/1&#8243; style=&#8220;&#8220; visibility=&#8220;&#8220; css_animation=&#8220;&#8220; typo_style=&#8220;&#8220; drop_shadow=&#8220;&#8220; bg_style=&#8220;&#8220; border_style=&#8220;&#8220;][vc_column_text]Die Endodontie befasst sich mit der Behandlung des Zahninneren. Dort befindet sich die Pulpenh\u00f6hle, die das <a href=\"https:\/\/de.wikipedia.org\/wiki\/Zahnpulpa\" target=\"_blank\">Zahnmark<\/a> enth\u00e4lt, welches aus Blutgef\u00e4\u00dfen sowie\u00a0Nervenfasern besteht und dem Zahn seine\u00a0Sensibilit\u00e4t verleiht.<\/p>\n<figure id=\"attachment_2456\" aria-describedby=\"caption-attachment-2456\" style=\"width: 196px\" class=\"wp-caption alignright\"><img loading=\"lazy\" decoding=\"async\" class=\"wp-image-2456 size-full\" src=\"https:\/\/www.studiobianconi.it\/wp-content\/uploads\/2015\/01\/endodonzia-cura-canalare_LOW70416955-e1439214831842.jpg\" alt=\"Endodontie W\u00fcrzelbehandlung Devitalisierung Apikektomie Studio Bianconi Zahnarzt Bozen\" width=\"196\" height=\"320\" \/><figcaption id=\"caption-attachment-2456\" class=\"wp-caption-text\">R\u00f6ntgenaufnahme w\u00e4hrend einer W\u00fcrzelbehandlung.<\/figcaption><\/figure>\n<p style=\"text-align: justify;\">Wenn das <strong>Zahnmark<\/strong> aufgrund einer Karies oder sonstigen Wunden irreversibel entz\u00fcndet oder nekrotisch ist, <strong>muss es entfernt werden<\/strong>. Die Wurzelkan\u00e4le m\u00fcssen dann <strong>desinfiziert<\/strong>, <strong>neu geformt<\/strong> und mit eigens vorgesehenen Materialien abgedichtet werden.<\/p>\n<p>Es gibt verschiedene Therapien, je nach Krankheitsbild des Patienten:<\/p>\n<ul style=\"text-align: justify;\">\n<li>Orthograde Therapie, auch <strong>Behandlung des Wurzelkanals<\/strong> oder <strong>Devitalisierung<\/strong> genannt; hierbei verschafft man sich den Zugang zum Hohlraum durch den Zahnschmelz (am meisten verbreitet)<\/li>\n<li>Retrograde Therapie, auch <strong>Wurzelspitzenresektion<\/strong> oder <strong>chirurgische<\/strong> <strong>Endodontie<\/strong> genannt; wird angewandt wenn Hindernisse wie Bolzen oder Verkalkungen den Kanal versperren, oder wenn eine orthograde Therapie bereits erfolglos versucht wurde.<\/li>\n<\/ul>\n<p><img loading=\"lazy\" decoding=\"async\" class=\"alignleft wp-image-2653 size-full\" src=\"https:\/\/www.studiobianconi.it\/wp-content\/uploads\/2015\/01\/endodonzia-cura-canalare_93206026_DEU-e1439456662945.png\" alt=\"Endodontie W\u00fcrzelbehandlung Devitalisierung Apikektomie Studio Bianconi Zahnarzt Bozen\" width=\"320\" height=\"320\" \/>Das Ziel dieser Behandlungen ist es, Bakterienbildungen innerhalb des Zahnes zu entfernen. Wenn diese vernachl\u00e4ssigt werden, k\u00f6nnen sie starke Schmerzen verursachen (<a href=\"https:\/\/de.wikipedia.org\/wiki\/Pulpitis\" target=\"_blank\">Pulpitiden<\/a>), zu chronischen Entz\u00fcndungen (<a href=\"https:\/\/de.wikipedia.org\/wiki\/Granulom\" target=\"_blank\">Granulombildungen<\/a>) und akuten Infektionen (<a href=\"https:\/\/de.wikipedia.org\/wiki\/Abszess\" target=\"_blank\">Abszesse<\/a>) f\u00fchren, die die Stabilit\u00e4t des Zahnes beeintr\u00e4chtigen und sogar dessen Verlust verursachen k\u00f6nnen.<\/p>\n<p>Wenn <a href=\"https:\/\/www.studiobianconi.it\/de\/zahnaerztliche-dienstleistungen-behandlungen\/kinderzahnheilkunde\/\">Kinder<\/a> eine <a href=\"https:\/\/de.wikipedia.org\/wiki\/Zahnkaries\" target=\"_blank\">Karies<\/a> in <a href=\"https:\/\/de.wikipedia.org\/wiki\/Milchgebiss\" target=\"_blank\">Milchz\u00e4hnen<\/a> aufweisen, die bis zur Pulpa reicht, wird in der Regel das angegriffene Gewebe nicht entfernt, sondern es wird eine sogenannte <strong>Pulpa\u00fcberkappung <\/strong>vorgezogen. Es wird nicht bis zur Pulpenh\u00f6hle vorgedrungen, sie bleibt hierbei geschlossen; die letzte <a href=\"https:\/\/de.wikipedia.org\/wiki\/Dentin\" target=\"_blank\">Dentinschicht<\/a> wird mit Calciumhydroxid behandelt, damit die <strong>Regenerierung des Dentins<\/strong> gef\u00f6dert wird. Die behandelte Zone wird dann provisorisch gef\u00fcllt um eine zu starke Kompression der Pulpenh\u00f6hle zu vermeiden und somit das <strong>Risiko von Zahnschmerzen zu vermindern<\/strong>. Sobald das neue Zahngewebe \u00fcberpr\u00fcft wird, kann man mit einer definitiven <a href=\"https:\/\/www.studiobianconi.it\/de\/zahnaerztliche-dienstleistungen-behandlungen\/konservierende-zahnheilkunde\/\">F\u00fcllung<\/a> vorgehen.[\/vc_column_text][\/vc_column][\/vc_row]\n<\/div>","protected":false},"excerpt":{"rendered":"<p>[vc_row full_width=&#8220;&#8220; parallax_image=&#8220;&#8220; visibility=&#8220;&#8220; css_animation=&#8220;&#8220; center_row=&#8220;&#8220; typography_style=&#8220;&#8220; column_spacing=&#8220;&#8220; tablet_fullwidth_cols=&#8220;&#8220; bg_style=&#8220;&#8220; parallax=&#8220;&#8220; parallax_mobile=&#8220;&#8220; parallax_style=&#8220;&#8220; parallax_direction=&#8220;&#8220; video_bg=&#8220;&#8220; video_bg_overlay=&#8220;&#8220; border_style=&#8220;&#8220;][vc_column width=&#8220;1\/1&#8243; style=&#8220;&#8220; visibility=&#8220;&#8220; css_animation=&#8220;&#8220; typo_style=&#8220;&#8220; drop_shadow=&#8220;&#8220; bg_style=&#8220;&#8220; border_style=&#8220;&#8220;][vc_single_image image=&#8220;2114&#8243; alignment=&#8220;&#8220; style=&#8220;&#8220; border_color=&#8220;grey&#8220; img_link_large=&#8220;&#8220; img_link_target=&#8220;_self&#8220; css_animation=&#8220;&#8220; img_hover=&#8220;&#8220; img_filter=&#8220;&#8220; rounded_image=&#8220;&#8220; lightbox_iframe_type=&#8220;&#8220;][\/vc_column][\/vc_row][vc_row full_width=&#8220;&#8220; parallax_image=&#8220;&#8220; visibility=&#8220;&#8220; css_animation=&#8220;&#8220; center_row=&#8220;&#8220; typography_style=&#8220;&#8220; column_spacing=&#8220;&#8220; tablet_fullwidth_cols=&#8220;&#8220; bg_style=&#8220;&#8220; parallax=&#8220;&#8220; parallax_mobile=&#8220;&#8220; parallax_style=&#8220;&#8220; parallax_direction=&#8220;&#8220; video_bg=&#8220;&#8220; video_bg_overlay=&#8220;&#8220; border_style=&#8220;&#8220;][vc_column width=&#8220;1\/1&#8243; style=&#8220;&#8220; visibility=&#8220;&#8220;&hellip;<\/p>\n","protected":false},"author":1,"featured_media":0,"parent":2641,"menu_order":0,"comment_status":"open","ping_status":"open","template":"","meta":{"footnotes":""},"class_list":["post-2646","page","type-page","status-publish","hentry","entry","no-media"],"yoast_head":"<!-- This site is optimized with the Yoast SEO plugin v26.5 - https:\/\/yoast.com\/wordpress\/plugins\/seo\/ -->\n<title>Endodontie - Studio Bianconi Zahnarztpraxis Bozen<\/title>\n<meta name=\"description\" content=\"Die Endodontie behandelt Probleme der Nervenstruktur der Z\u00e4hne (Zahnmark) anhand von Wurzelbehandlungen (oder Devitalisierung) und Wurzelspitzenresektionen.\" \/>\n<meta name=\"robots\" content=\"index, follow, max-snippet:-1, max-image-preview:large, max-video-preview:-1\" \/>\n<link rel=\"canonical\" href=\"https:\/\/www.studiobianconi.it\/de\/zahnaerztliche-dienstleistungen-behandlungen\/endodontie\/\" \/>\n<meta property=\"og:locale\" content=\"de_DE\" \/>\n<meta property=\"og:type\" content=\"article\" \/>\n<meta property=\"og:title\" content=\"Endodontie - Studio Bianconi Zahnarztpraxis Bozen\" \/>\n<meta property=\"og:description\" content=\"Die Endodontie behandelt Probleme der Nervenstruktur der Z\u00e4hne (Zahnmark) anhand von Wurzelbehandlungen (oder Devitalisierung) und Wurzelspitzenresektionen.\" \/>\n<meta property=\"og:url\" content=\"https:\/\/www.studiobianconi.it\/de\/zahnaerztliche-dienstleistungen-behandlungen\/endodontie\/\" \/>\n<meta property=\"og:site_name\" content=\"Studio Bianconi\" \/>\n<meta property=\"article:publisher\" content=\"http:\/\/www.facebook.com\/studiobianconi\" \/>\n<meta property=\"article:modified_time\" content=\"2015-08-31T14:22:31+00:00\" \/>\n<meta property=\"og:image\" content=\"https:\/\/www.studiobianconi.it\/wp-content\/uploads\/2015\/01\/endodonzia-cura-canalare_LOW70416955-e1439214831842.jpg\" \/>\n\t<meta property=\"og:image:width\" content=\"196\" \/>\n\t<meta property=\"og:image:height\" content=\"320\" \/>\n\t<meta property=\"og:image:type\" content=\"image\/jpeg\" \/>\n<meta name=\"twitter:card\" content=\"summary_large_image\" \/>\n<meta name=\"twitter:label1\" content=\"Gesch\u00e4tzte Lesezeit\" \/>\n\t<meta name=\"twitter:data1\" content=\"2\u00a0Minuten\" \/>\n<script type=\"application\/ld+json\" class=\"yoast-schema-graph\">{\"@context\":\"https:\/\/schema.org\",\"@graph\":[{\"@type\":\"WebPage\",\"@id\":\"https:\/\/www.studiobianconi.it\/de\/zahnaerztliche-dienstleistungen-behandlungen\/endodontie\/\",\"url\":\"https:\/\/www.studiobianconi.it\/de\/zahnaerztliche-dienstleistungen-behandlungen\/endodontie\/\",\"name\":\"Endodontie - Studio Bianconi Zahnarztpraxis Bozen\",\"isPartOf\":{\"@id\":\"https:\/\/www.studiobianconi.it\/de\/#website\"},\"primaryImageOfPage\":{\"@id\":\"https:\/\/www.studiobianconi.it\/de\/zahnaerztliche-dienstleistungen-behandlungen\/endodontie\/#primaryimage\"},\"image\":{\"@id\":\"https:\/\/www.studiobianconi.it\/de\/zahnaerztliche-dienstleistungen-behandlungen\/endodontie\/#primaryimage\"},\"thumbnailUrl\":\"https:\/\/www.studiobianconi.it\/wp-content\/uploads\/2015\/01\/endodonzia-cura-canalare_LOW70416955-e1439214831842.jpg\",\"datePublished\":\"2015-01-20T09:56:47+00:00\",\"dateModified\":\"2015-08-31T14:22:31+00:00\",\"description\":\"Die Endodontie behandelt Probleme der Nervenstruktur der Z\u00e4hne (Zahnmark) anhand von Wurzelbehandlungen (oder Devitalisierung) und Wurzelspitzenresektionen.\",\"breadcrumb\":{\"@id\":\"https:\/\/www.studiobianconi.it\/de\/zahnaerztliche-dienstleistungen-behandlungen\/endodontie\/#breadcrumb\"},\"inLanguage\":\"de\",\"potentialAction\":[{\"@type\":\"ReadAction\",\"target\":[\"https:\/\/www.studiobianconi.it\/de\/zahnaerztliche-dienstleistungen-behandlungen\/endodontie\/\"]}]},{\"@type\":\"ImageObject\",\"inLanguage\":\"de\",\"@id\":\"https:\/\/www.studiobianconi.it\/de\/zahnaerztliche-dienstleistungen-behandlungen\/endodontie\/#primaryimage\",\"url\":\"https:\/\/www.studiobianconi.it\/wp-content\/uploads\/2015\/01\/endodonzia-cura-canalare_LOW70416955-e1439214831842.jpg\",\"contentUrl\":\"https:\/\/www.studiobianconi.it\/wp-content\/uploads\/2015\/01\/endodonzia-cura-canalare_LOW70416955-e1439214831842.jpg\"},{\"@type\":\"BreadcrumbList\",\"@id\":\"https:\/\/www.studiobianconi.it\/de\/zahnaerztliche-dienstleistungen-behandlungen\/endodontie\/#breadcrumb\",\"itemListElement\":[{\"@type\":\"ListItem\",\"position\":1,\"name\":\"Home\",\"item\":\"https:\/\/www.studiobianconi.it\/de\/\"},{\"@type\":\"ListItem\",\"position\":2,\"name\":\"Dienstleistungen\",\"item\":\"https:\/\/www.studiobianconi.it\/de\/zahnaerztliche-dienstleistungen-behandlungen\/\"},{\"@type\":\"ListItem\",\"position\":3,\"name\":\"Endodontie\"}]},{\"@type\":\"WebSite\",\"@id\":\"https:\/\/www.studiobianconi.it\/de\/#website\",\"url\":\"https:\/\/www.studiobianconi.it\/de\/\",\"name\":\"Studio Bianconi\",\"description\":\"Studio Bianconi\",\"publisher\":{\"@id\":\"https:\/\/www.studiobianconi.it\/de\/#organization\"},\"potentialAction\":[{\"@type\":\"SearchAction\",\"target\":{\"@type\":\"EntryPoint\",\"urlTemplate\":\"https:\/\/www.studiobianconi.it\/de\/?s={search_term_string}\"},\"query-input\":{\"@type\":\"PropertyValueSpecification\",\"valueRequired\":true,\"valueName\":\"search_term_string\"}}],\"inLanguage\":\"de\"},{\"@type\":\"Organization\",\"@id\":\"https:\/\/www.studiobianconi.it\/de\/#organization\",\"name\":\"Studio Bianconi\",\"url\":\"https:\/\/www.studiobianconi.it\/de\/\",\"logo\":{\"@type\":\"ImageObject\",\"inLanguage\":\"de\",\"@id\":\"https:\/\/www.studiobianconi.it\/de\/#\/schema\/logo\/image\/\",\"url\":\"https:\/\/www.studiobianconi.it\/wp-content\/uploads\/2014\/11\/Logo-Bianconi-Finale-180x80.png\",\"contentUrl\":\"https:\/\/www.studiobianconi.it\/wp-content\/uploads\/2014\/11\/Logo-Bianconi-Finale-180x80.png\",\"width\":180,\"height\":77,\"caption\":\"Studio Bianconi\"},\"image\":{\"@id\":\"https:\/\/www.studiobianconi.it\/de\/#\/schema\/logo\/image\/\"},\"sameAs\":[\"http:\/\/www.facebook.com\/studiobianconi\",\"http:\/\/it.linkedin.com\/in\/bianconistefano\"]}]}<\/script>\n<!-- \/ Yoast SEO plugin. -->","yoast_head_json":{"title":"Endodontie - Studio Bianconi Zahnarztpraxis Bozen","description":"Die Endodontie behandelt Probleme der Nervenstruktur der Z\u00e4hne (Zahnmark) anhand von Wurzelbehandlungen (oder Devitalisierung) und Wurzelspitzenresektionen.","robots":{"index":"index","follow":"follow","max-snippet":"max-snippet:-1","max-image-preview":"max-image-preview:large","max-video-preview":"max-video-preview:-1"},"canonical":"https:\/\/www.studiobianconi.it\/de\/zahnaerztliche-dienstleistungen-behandlungen\/endodontie\/","og_locale":"de_DE","og_type":"article","og_title":"Endodontie - Studio Bianconi Zahnarztpraxis Bozen","og_description":"Die Endodontie behandelt Probleme der Nervenstruktur der Z\u00e4hne (Zahnmark) anhand von Wurzelbehandlungen (oder Devitalisierung) und Wurzelspitzenresektionen.","og_url":"https:\/\/www.studiobianconi.it\/de\/zahnaerztliche-dienstleistungen-behandlungen\/endodontie\/","og_site_name":"Studio Bianconi","article_publisher":"http:\/\/www.facebook.com\/studiobianconi","article_modified_time":"2015-08-31T14:22:31+00:00","og_image":[{"width":196,"height":320,"url":"https:\/\/www.studiobianconi.it\/wp-content\/uploads\/2015\/01\/endodonzia-cura-canalare_LOW70416955-e1439214831842.jpg","type":"image\/jpeg"}],"twitter_card":"summary_large_image","twitter_misc":{"Gesch\u00e4tzte Lesezeit":"2\u00a0Minuten"},"schema":{"@context":"https:\/\/schema.org","@graph":[{"@type":"WebPage","@id":"https:\/\/www.studiobianconi.it\/de\/zahnaerztliche-dienstleistungen-behandlungen\/endodontie\/","url":"https:\/\/www.studiobianconi.it\/de\/zahnaerztliche-dienstleistungen-behandlungen\/endodontie\/","name":"Endodontie - Studio Bianconi Zahnarztpraxis Bozen","isPartOf":{"@id":"https:\/\/www.studiobianconi.it\/de\/#website"},"primaryImageOfPage":{"@id":"https:\/\/www.studiobianconi.it\/de\/zahnaerztliche-dienstleistungen-behandlungen\/endodontie\/#primaryimage"},"image":{"@id":"https:\/\/www.studiobianconi.it\/de\/zahnaerztliche-dienstleistungen-behandlungen\/endodontie\/#primaryimage"},"thumbnailUrl":"https:\/\/www.studiobianconi.it\/wp-content\/uploads\/2015\/01\/endodonzia-cura-canalare_LOW70416955-e1439214831842.jpg","datePublished":"2015-01-20T09:56:47+00:00","dateModified":"2015-08-31T14:22:31+00:00","description":"Die Endodontie behandelt Probleme der Nervenstruktur der Z\u00e4hne (Zahnmark) anhand von Wurzelbehandlungen (oder Devitalisierung) und Wurzelspitzenresektionen.","breadcrumb":{"@id":"https:\/\/www.studiobianconi.it\/de\/zahnaerztliche-dienstleistungen-behandlungen\/endodontie\/#breadcrumb"},"inLanguage":"de","potentialAction":[{"@type":"ReadAction","target":["https:\/\/www.studiobianconi.it\/de\/zahnaerztliche-dienstleistungen-behandlungen\/endodontie\/"]}]},{"@type":"ImageObject","inLanguage":"de","@id":"https:\/\/www.studiobianconi.it\/de\/zahnaerztliche-dienstleistungen-behandlungen\/endodontie\/#primaryimage","url":"https:\/\/www.studiobianconi.it\/wp-content\/uploads\/2015\/01\/endodonzia-cura-canalare_LOW70416955-e1439214831842.jpg","contentUrl":"https:\/\/www.studiobianconi.it\/wp-content\/uploads\/2015\/01\/endodonzia-cura-canalare_LOW70416955-e1439214831842.jpg"},{"@type":"BreadcrumbList","@id":"https:\/\/www.studiobianconi.it\/de\/zahnaerztliche-dienstleistungen-behandlungen\/endodontie\/#breadcrumb","itemListElement":[{"@type":"ListItem","position":1,"name":"Home","item":"https:\/\/www.studiobianconi.it\/de\/"},{"@type":"ListItem","position":2,"name":"Dienstleistungen","item":"https:\/\/www.studiobianconi.it\/de\/zahnaerztliche-dienstleistungen-behandlungen\/"},{"@type":"ListItem","position":3,"name":"Endodontie"}]},{"@type":"WebSite","@id":"https:\/\/www.studiobianconi.it\/de\/#website","url":"https:\/\/www.studiobianconi.it\/de\/","name":"Studio Bianconi","description":"Studio Bianconi","publisher":{"@id":"https:\/\/www.studiobianconi.it\/de\/#organization"},"potentialAction":[{"@type":"SearchAction","target":{"@type":"EntryPoint","urlTemplate":"https:\/\/www.studiobianconi.it\/de\/?s={search_term_string}"},"query-input":{"@type":"PropertyValueSpecification","valueRequired":true,"valueName":"search_term_string"}}],"inLanguage":"de"},{"@type":"Organization","@id":"https:\/\/www.studiobianconi.it\/de\/#organization","name":"Studio Bianconi","url":"https:\/\/www.studiobianconi.it\/de\/","logo":{"@type":"ImageObject","inLanguage":"de","@id":"https:\/\/www.studiobianconi.it\/de\/#\/schema\/logo\/image\/","url":"https:\/\/www.studiobianconi.it\/wp-content\/uploads\/2014\/11\/Logo-Bianconi-Finale-180x80.png","contentUrl":"https:\/\/www.studiobianconi.it\/wp-content\/uploads\/2014\/11\/Logo-Bianconi-Finale-180x80.png","width":180,"height":77,"caption":"Studio Bianconi"},"image":{"@id":"https:\/\/www.studiobianconi.it\/de\/#\/schema\/logo\/image\/"},"sameAs":["http:\/\/www.facebook.com\/studiobianconi","http:\/\/it.linkedin.com\/in\/bianconistefano"]}]}},"_links":{"self":[{"href":"https:\/\/www.studiobianconi.it\/de\/wp-json\/wp\/v2\/pages\/2646","targetHints":{"allow":["GET"]}}],"collection":[{"href":"https:\/\/www.studiobianconi.it\/de\/wp-json\/wp\/v2\/pages"}],"about":[{"href":"https:\/\/www.studiobianconi.it\/de\/wp-json\/wp\/v2\/types\/page"}],"author":[{"embeddable":true,"href":"https:\/\/www.studiobianconi.it\/de\/wp-json\/wp\/v2\/users\/1"}],"replies":[{"embeddable":true,"href":"https:\/\/www.studiobianconi.it\/de\/wp-json\/wp\/v2\/comments?post=2646"}],"version-history":[{"count":8,"href":"https:\/\/www.studiobianconi.it\/de\/wp-json\/wp\/v2\/pages\/2646\/revisions"}],"predecessor-version":[{"id":2976,"href":"https:\/\/www.studiobianconi.it\/de\/wp-json\/wp\/v2\/pages\/2646\/revisions\/2976"}],"up":[{"embeddable":true,"href":"https:\/\/www.studiobianconi.it\/de\/wp-json\/wp\/v2\/pages\/2641"}],"wp:attachment":[{"href":"https:\/\/www.studiobianconi.it\/de\/wp-json\/wp\/v2\/media?parent=2646"}],"curies":[{"name":"wp","href":"https:\/\/api.w.org\/{rel}","templated":true}]}}