{"id":2569,"date":"2015-01-07T13:47:21","date_gmt":"2015-01-07T12:47:21","guid":{"rendered":"http:\/\/studiobianconi.it\/storia-2\/"},"modified":"2015-09-07T17:04:55","modified_gmt":"2015-09-07T15:04:55","slug":"geschichte","status":"publish","type":"page","link":"https:\/\/www.studiobianconi.it\/de\/geschichte\/","title":{"rendered":"Geschichte"},"content":{"rendered":"<div class=\"wpb-content-wrapper\">[vc_row full_width=&#8220;&#8220; parallax_image=&#8220;&#8220; visibility=&#8220;&#8220; css_animation=&#8220;&#8220; center_row=&#8220;&#8220; typography_style=&#8220;&#8220; column_spacing=&#8220;&#8220; tablet_fullwidth_cols=&#8220;&#8220; bg_style=&#8220;&#8220; parallax=&#8220;&#8220; parallax_mobile=&#8220;&#8220; parallax_style=&#8220;&#8220; parallax_direction=&#8220;&#8220; video_bg=&#8220;&#8220; video_bg_overlay=&#8220;&#8220; border_style=&#8220;&#8220;][vc_column width=&#8220;1\/1&#8243; style=&#8220;&#8220; visibility=&#8220;&#8220; css_animation=&#8220;&#8220; typo_style=&#8220;&#8220; drop_shadow=&#8220;&#8220; bg_style=&#8220;&#8220; border_style=&#8220;&#8220;][vc_single_image image=&#8220;2356&#8243; border_color=&#8220;grey&#8220; img_link_large=&#8220;&#8220; img_link_target=&#8220;_self&#8220; rounded_image=&#8220;&#8220; style=&#8220;vc_box_border&#8220;][\/vc_column][\/vc_row][vc_row full_width=&#8220;&#8220; parallax_image=&#8220;&#8220; visibility=&#8220;&#8220; css_animation=&#8220;&#8220; center_row=&#8220;&#8220; typography_style=&#8220;&#8220; column_spacing=&#8220;&#8220; tablet_fullwidth_cols=&#8220;&#8220; bg_style=&#8220;&#8220; parallax=&#8220;&#8220; parallax_mobile=&#8220;&#8220; parallax_style=&#8220;&#8220; parallax_direction=&#8220;&#8220; video_bg=&#8220;&#8220; video_bg_overlay=&#8220;&#8220; border_style=&#8220;&#8220;][vc_column width=&#8220;1\/1&#8243; style=&#8220;&#8220; visibility=&#8220;&#8220; css_animation=&#8220;&#8220; typo_style=&#8220;&#8220; drop_shadow=&#8220;&#8220; bg_style=&#8220;&#8220; border_style=&#8220;&#8220;][vc_column_text]\n<p style=\"text-align: justify;\">Der <strong>Gr\u00fcnder, Dr. Lamberto Bianconi<\/strong>, Absolvent der Fakult\u00e4t f\u00fcr Medizin und Chirurgie an der Universit\u00e4t von Bologna, mit Facharzttitel in <a href=\"https:\/\/de.wikipedia.org\/wiki\/Oralchirurgie\" target=\"_blank\">Oralchirurgie<\/a>, war einer der Vorreiter der <a href=\"\/studiobianconi\/?page_id=2668\" target=\"_blank\">Implantologie<\/a> in Italien.<\/p>\n<p style=\"text-align: justify;\">W\u00e4hrend des XXXIII Italienischen Kongresses f\u00fcr Stomatologie, <strong>1959 in Bologna<\/strong>, pr\u00e4sentierte Dr. Lamberto Bianconi eine seiner Studien \u00fcber endo- und juxtakn\u00f6cherne alloplastische Implantate, welche dann in der Zeitschrift \u201e<a href=\"https:\/\/www.studiobianconi.it\/wp-content\/uploads\/2015\/08\/Bianconi_Lamberto_Impianti-endo-e-iuxta-ossei.1964_RID.pdf\" target=\"_blank\">Rivista Italiana di Stomatologia<\/a>\u201c (Jahr XV, Nr. 3) ver\u00f6ffentlicht wurde. Damals wurde offiziell <strong>von Seiten keiner italienischen Universit\u00e4t die M\u00f6glichkeit anerkannt, verlorengegangene Z\u00e4hne mit k\u00fcnstlichen Implantaten zu ersetzen.<\/strong><\/p>\n<figure id=\"attachment_296\" aria-describedby=\"caption-attachment-296\" style=\"width: 350px\" class=\"wp-caption alignright\"><img loading=\"lazy\" decoding=\"async\" class=\"wp-image-296 size-full\" src=\"https:\/\/www.studiobianconi.it\/wp-content\/uploads\/2014\/11\/immagine3_350x240_s1.png\" alt=\"Lamberto Bianconi Implantologie Forschung Geschichte Studio Bianconi Zahnarzt Bozen\" width=\"350\" height=\"240\" srcset=\"https:\/\/www.studiobianconi.it\/wp-content\/uploads\/2014\/11\/immagine3_350x240_s1.png 350w, https:\/\/www.studiobianconi.it\/wp-content\/uploads\/2014\/11\/immagine3_350x240_s1-300x205.png 300w\" sizes=\"auto, (max-width: 350px) 100vw, 350px\" \/><figcaption id=\"caption-attachment-296\" class=\"wp-caption-text\">Dr. Lamberto Bianconi &#8211; 1957<\/figcaption><\/figure>\n<p style=\"text-align: justify;\">Anl\u00e4sslich dieses Kongresses kam es zur Kontaktkn\u00fcpfung mit anderen <a href=\"\/studiobianconi\/?page_id=2715\">damaligen Implantologen<\/a>: Garbaccio, Tramonte, Scialom (Frankreich) und Linkow (USA).<\/p>\n<p style=\"text-align: justify;\">1984 trug Dr. Lamberto Bianconi zur <strong>Gr\u00fcndung der \u201eAssociazione per gli studi implantari del Triveneto\u201c (Verband des Triveneto f\u00fcr Studien \u00fcber Implantologie)<\/strong> zusammen mit Dr. Alberto Zaninari bei. Die <strong>Patente<\/strong> der subperiostalen Klammerbefestigung (1960), des Implantatdesigns des vergrabenen Stumpfes (1987) und des Periostal-Entferners f\u00fcr Sinuslift (1989) geh\u00f6ren Dr. Lamberto Bianconi.<\/p>\n<p style=\"text-align: justify;\"><span style=\"line-height: 1.5;\">Bis zu seinem Tod 1990 hat sich Dr. Lamberto Bianconi immer dem Studium neuer Systeme gewidmet, um die Implantologie zum Dienste aller zu gestalten und damit diese nicht mehr als elit\u00e4rer Zweig der Zahnheilkunde betrachtet wird.<\/span><\/p>\n<p style=\"text-align: justify;\"><a href=\"https:\/\/www.studiobianconi.it\/de\/stefano-bianconi\/\"><strong>Dr. Stefano Bianconi<\/strong><\/a>, Lambertos Sohn, erbt die F\u00fchrung der Praxis im Jahr 1990 und setzt seine berufliche Ausbildung mit Professionalit\u00e4t, Begeisterung und Neugier fort, indem er durch klinische Praxis die <strong><a href=\"\/studiobianconi\/?page_id=2695\" target=\"_blank\">Forschung<\/a> im Bereich der Implantologie<\/strong> weiter er\u00f6rtert, sowie durch die Mitarbeit mit internationalen Universit\u00e4ten und anderen professionellen hochqualifizierten Studien. Dr. Stefano Bianconi schloss 1987 seinen Studiengang in Medizin in Bologna ab und absolvierte seine Ausbildung an der Schule des <a href=\"http:\/\/www.dentalxp.com\/xperts\/mpikos\" target=\"_blank\">Prof. Dr. Michael Pikos<\/a>, Inhaber des <a href=\"http:\/\/www.pikosinstitute.com\/\" target=\"_blank\">Pikos Implant Institute<\/a> in Florida.<\/p>\n<figure id=\"attachment_553\" aria-describedby=\"caption-attachment-553\" style=\"width: 350px\" class=\"wp-caption alignleft\"><img loading=\"lazy\" decoding=\"async\" class=\"wp-image-553 size-full\" src=\"https:\/\/www.studiobianconi.it\/wp-content\/uploads\/2015\/01\/stefano_kenya_thumb.jpg\" alt=\"Geschichte Solidarit\u00e4t Kenya Masai Dental Camp Zahn\u00e4rztliche Behandlung Studio Bianconi Zahnarzt Bozen \" width=\"350\" height=\"235\" srcset=\"https:\/\/www.studiobianconi.it\/wp-content\/uploads\/2015\/01\/stefano_kenya_thumb.jpg 350w, https:\/\/www.studiobianconi.it\/wp-content\/uploads\/2015\/01\/stefano_kenya_thumb-300x201.jpg 300w\" sizes=\"auto, (max-width: 350px) 100vw, 350px\" \/><figcaption id=\"caption-attachment-553\" class=\"wp-caption-text\">Dr. Stefano Bianconi pflegt einen Patienten des Masai Dental Camp (Kenya).<\/figcaption><\/figure>\n<p style=\"text-align: justify;\">In den letzten Jahren konzentrierte sich die Praxis auch auf parallele T\u00e4tigkeiten: In Zusammenarbeit mit dem Verband \u201eFranco Tamiazzo\u201c hat sich Dr. Stefano Bianconi <strong>medizinischen Wohlt\u00e4tigkeitsprojekten gewidmet<\/strong>, sei es in Afrika (Kenya, Benin usw.) als auch in S\u00fcdtirol (f\u00fcr sozial benachteiligte Menschen und Senioren).<\/p>\n<p style=\"text-align: justify;\"><span style=\"line-height: 1.5;\">Die zahn\u00e4rztliche Tradition der Familie Bianconi wird auch in der n\u00e4chste Generation fortgesetzt: Stefano Bianconis Sohn, Leonardo, studiert an der Universit\u00e4t f\u00fcr Zahnheilkunde in Verona.<\/span><\/p>\n[\/vc_column_text][\/vc_column][\/vc_row]\n<\/div>","protected":false},"excerpt":{"rendered":"<p>[vc_row full_width=&#8220;&#8220; parallax_image=&#8220;&#8220; visibility=&#8220;&#8220; css_animation=&#8220;&#8220; center_row=&#8220;&#8220; typography_style=&#8220;&#8220; column_spacing=&#8220;&#8220; tablet_fullwidth_cols=&#8220;&#8220; bg_style=&#8220;&#8220; parallax=&#8220;&#8220; parallax_mobile=&#8220;&#8220; parallax_style=&#8220;&#8220; parallax_direction=&#8220;&#8220; video_bg=&#8220;&#8220; video_bg_overlay=&#8220;&#8220; border_style=&#8220;&#8220;][vc_column width=&#8220;1\/1&#8243; style=&#8220;&#8220; visibility=&#8220;&#8220; css_animation=&#8220;&#8220; typo_style=&#8220;&#8220; drop_shadow=&#8220;&#8220; bg_style=&#8220;&#8220; border_style=&#8220;&#8220;][vc_single_image image=&#8220;2356&#8243; border_color=&#8220;grey&#8220; img_link_large=&#8220;&#8220; img_link_target=&#8220;_self&#8220; rounded_image=&#8220;&#8220; style=&#8220;vc_box_border&#8220;][\/vc_column][\/vc_row][vc_row full_width=&#8220;&#8220; parallax_image=&#8220;&#8220; visibility=&#8220;&#8220; css_animation=&#8220;&#8220; center_row=&#8220;&#8220; typography_style=&#8220;&#8220; column_spacing=&#8220;&#8220; tablet_fullwidth_cols=&#8220;&#8220; bg_style=&#8220;&#8220; parallax=&#8220;&#8220; parallax_mobile=&#8220;&#8220; parallax_style=&#8220;&#8220; parallax_direction=&#8220;&#8220; video_bg=&#8220;&#8220; video_bg_overlay=&#8220;&#8220; border_style=&#8220;&#8220;][vc_column width=&#8220;1\/1&#8243; style=&#8220;&#8220; visibility=&#8220;&#8220; css_animation=&#8220;&#8220; typo_style=&#8220;&#8220; drop_shadow=&#8220;&#8220; bg_style=&#8220;&#8220; border_style=&#8220;&#8220;][vc_column_text]&hellip;<\/p>\n","protected":false},"author":1,"featured_media":0,"parent":0,"menu_order":0,"comment_status":"closed","ping_status":"closed","template":"","meta":{"footnotes":""},"class_list":["post-2569","page","type-page","status-publish","hentry","entry","no-media"],"yoast_head":"<!-- This site is optimized with the Yoast SEO plugin v26.5 - https:\/\/yoast.com\/wordpress\/plugins\/seo\/ -->\n<title>Geschichte - Studio Bianconi Zahnarzt Bozen<\/title>\n<meta name=\"description\" content=\"Studio Bianconi, eine Geschichte aus Leidenschaft und Exzellenz. Seit 1955 engagieren wir uns, um unseren Patienten hochwertige Dienstleistungen zu bieten.\" \/>\n<meta name=\"robots\" content=\"index, follow, max-snippet:-1, max-image-preview:large, max-video-preview:-1\" \/>\n<link rel=\"canonical\" href=\"https:\/\/www.studiobianconi.it\/de\/geschichte\/\" \/>\n<meta property=\"og:locale\" content=\"de_DE\" \/>\n<meta property=\"og:type\" content=\"article\" \/>\n<meta property=\"og:title\" content=\"Geschichte - Studio Bianconi Zahnarzt Bozen\" \/>\n<meta property=\"og:description\" content=\"Studio Bianconi, eine Geschichte aus Leidenschaft und Exzellenz. Seit 1955 engagieren wir uns, um unseren Patienten hochwertige Dienstleistungen zu bieten.\" \/>\n<meta property=\"og:url\" content=\"https:\/\/www.studiobianconi.it\/de\/geschichte\/\" \/>\n<meta property=\"og:site_name\" content=\"Studio Bianconi\" \/>\n<meta property=\"article:publisher\" content=\"http:\/\/www.facebook.com\/studiobianconi\" \/>\n<meta property=\"article:modified_time\" content=\"2015-09-07T15:04:55+00:00\" \/>\n<meta property=\"og:image\" content=\"https:\/\/www.studiobianconi.it\/wp-content\/uploads\/2014\/11\/immagine3_350x240_s1.png\" \/>\n\t<meta property=\"og:image:width\" content=\"350\" \/>\n\t<meta property=\"og:image:height\" content=\"240\" \/>\n\t<meta property=\"og:image:type\" content=\"image\/png\" \/>\n<meta name=\"twitter:card\" content=\"summary_large_image\" \/>\n<meta name=\"twitter:label1\" content=\"Gesch\u00e4tzte Lesezeit\" \/>\n\t<meta name=\"twitter:data1\" content=\"3\u00a0Minuten\" \/>\n<script type=\"application\/ld+json\" class=\"yoast-schema-graph\">{\"@context\":\"https:\/\/schema.org\",\"@graph\":[{\"@type\":\"WebPage\",\"@id\":\"https:\/\/www.studiobianconi.it\/de\/geschichte\/\",\"url\":\"https:\/\/www.studiobianconi.it\/de\/geschichte\/\",\"name\":\"Geschichte - Studio Bianconi Zahnarzt Bozen\",\"isPartOf\":{\"@id\":\"https:\/\/www.studiobianconi.it\/de\/#website\"},\"primaryImageOfPage\":{\"@id\":\"https:\/\/www.studiobianconi.it\/de\/geschichte\/#primaryimage\"},\"image\":{\"@id\":\"https:\/\/www.studiobianconi.it\/de\/geschichte\/#primaryimage\"},\"thumbnailUrl\":\"https:\/\/www.studiobianconi.it\/wp-content\/uploads\/2014\/11\/immagine3_350x240_s1.png\",\"datePublished\":\"2015-01-07T12:47:21+00:00\",\"dateModified\":\"2015-09-07T15:04:55+00:00\",\"description\":\"Studio Bianconi, eine Geschichte aus Leidenschaft und Exzellenz. Seit 1955 engagieren wir uns, um unseren Patienten hochwertige Dienstleistungen zu bieten.\",\"breadcrumb\":{\"@id\":\"https:\/\/www.studiobianconi.it\/de\/geschichte\/#breadcrumb\"},\"inLanguage\":\"de\",\"potentialAction\":[{\"@type\":\"ReadAction\",\"target\":[\"https:\/\/www.studiobianconi.it\/de\/geschichte\/\"]}]},{\"@type\":\"ImageObject\",\"inLanguage\":\"de\",\"@id\":\"https:\/\/www.studiobianconi.it\/de\/geschichte\/#primaryimage\",\"url\":\"https:\/\/www.studiobianconi.it\/wp-content\/uploads\/2014\/11\/immagine3_350x240_s1.png\",\"contentUrl\":\"https:\/\/www.studiobianconi.it\/wp-content\/uploads\/2014\/11\/immagine3_350x240_s1.png\"},{\"@type\":\"BreadcrumbList\",\"@id\":\"https:\/\/www.studiobianconi.it\/de\/geschichte\/#breadcrumb\",\"itemListElement\":[{\"@type\":\"ListItem\",\"position\":1,\"name\":\"Home\",\"item\":\"https:\/\/www.studiobianconi.it\/de\/\"},{\"@type\":\"ListItem\",\"position\":2,\"name\":\"Geschichte\"}]},{\"@type\":\"WebSite\",\"@id\":\"https:\/\/www.studiobianconi.it\/de\/#website\",\"url\":\"https:\/\/www.studiobianconi.it\/de\/\",\"name\":\"Studio Bianconi\",\"description\":\"Studio Bianconi\",\"publisher\":{\"@id\":\"https:\/\/www.studiobianconi.it\/de\/#organization\"},\"potentialAction\":[{\"@type\":\"SearchAction\",\"target\":{\"@type\":\"EntryPoint\",\"urlTemplate\":\"https:\/\/www.studiobianconi.it\/de\/?s={search_term_string}\"},\"query-input\":{\"@type\":\"PropertyValueSpecification\",\"valueRequired\":true,\"valueName\":\"search_term_string\"}}],\"inLanguage\":\"de\"},{\"@type\":\"Organization\",\"@id\":\"https:\/\/www.studiobianconi.it\/de\/#organization\",\"name\":\"Studio Bianconi\",\"url\":\"https:\/\/www.studiobianconi.it\/de\/\",\"logo\":{\"@type\":\"ImageObject\",\"inLanguage\":\"de\",\"@id\":\"https:\/\/www.studiobianconi.it\/de\/#\/schema\/logo\/image\/\",\"url\":\"https:\/\/www.studiobianconi.it\/wp-content\/uploads\/2014\/11\/Logo-Bianconi-Finale-180x80.png\",\"contentUrl\":\"https:\/\/www.studiobianconi.it\/wp-content\/uploads\/2014\/11\/Logo-Bianconi-Finale-180x80.png\",\"width\":180,\"height\":77,\"caption\":\"Studio Bianconi\"},\"image\":{\"@id\":\"https:\/\/www.studiobianconi.it\/de\/#\/schema\/logo\/image\/\"},\"sameAs\":[\"http:\/\/www.facebook.com\/studiobianconi\",\"http:\/\/it.linkedin.com\/in\/bianconistefano\"]}]}<\/script>\n<!-- \/ Yoast SEO plugin. -->","yoast_head_json":{"title":"Geschichte - Studio Bianconi Zahnarzt Bozen","description":"Studio Bianconi, eine Geschichte aus Leidenschaft und Exzellenz. Seit 1955 engagieren wir uns, um unseren Patienten hochwertige Dienstleistungen zu bieten.","robots":{"index":"index","follow":"follow","max-snippet":"max-snippet:-1","max-image-preview":"max-image-preview:large","max-video-preview":"max-video-preview:-1"},"canonical":"https:\/\/www.studiobianconi.it\/de\/geschichte\/","og_locale":"de_DE","og_type":"article","og_title":"Geschichte - Studio Bianconi Zahnarzt Bozen","og_description":"Studio Bianconi, eine Geschichte aus Leidenschaft und Exzellenz. Seit 1955 engagieren wir uns, um unseren Patienten hochwertige Dienstleistungen zu bieten.","og_url":"https:\/\/www.studiobianconi.it\/de\/geschichte\/","og_site_name":"Studio Bianconi","article_publisher":"http:\/\/www.facebook.com\/studiobianconi","article_modified_time":"2015-09-07T15:04:55+00:00","og_image":[{"width":350,"height":240,"url":"https:\/\/www.studiobianconi.it\/wp-content\/uploads\/2014\/11\/immagine3_350x240_s1.png","type":"image\/png"}],"twitter_card":"summary_large_image","twitter_misc":{"Gesch\u00e4tzte Lesezeit":"3\u00a0Minuten"},"schema":{"@context":"https:\/\/schema.org","@graph":[{"@type":"WebPage","@id":"https:\/\/www.studiobianconi.it\/de\/geschichte\/","url":"https:\/\/www.studiobianconi.it\/de\/geschichte\/","name":"Geschichte - Studio Bianconi Zahnarzt Bozen","isPartOf":{"@id":"https:\/\/www.studiobianconi.it\/de\/#website"},"primaryImageOfPage":{"@id":"https:\/\/www.studiobianconi.it\/de\/geschichte\/#primaryimage"},"image":{"@id":"https:\/\/www.studiobianconi.it\/de\/geschichte\/#primaryimage"},"thumbnailUrl":"https:\/\/www.studiobianconi.it\/wp-content\/uploads\/2014\/11\/immagine3_350x240_s1.png","datePublished":"2015-01-07T12:47:21+00:00","dateModified":"2015-09-07T15:04:55+00:00","description":"Studio Bianconi, eine Geschichte aus Leidenschaft und Exzellenz. Seit 1955 engagieren wir uns, um unseren Patienten hochwertige Dienstleistungen zu bieten.","breadcrumb":{"@id":"https:\/\/www.studiobianconi.it\/de\/geschichte\/#breadcrumb"},"inLanguage":"de","potentialAction":[{"@type":"ReadAction","target":["https:\/\/www.studiobianconi.it\/de\/geschichte\/"]}]},{"@type":"ImageObject","inLanguage":"de","@id":"https:\/\/www.studiobianconi.it\/de\/geschichte\/#primaryimage","url":"https:\/\/www.studiobianconi.it\/wp-content\/uploads\/2014\/11\/immagine3_350x240_s1.png","contentUrl":"https:\/\/www.studiobianconi.it\/wp-content\/uploads\/2014\/11\/immagine3_350x240_s1.png"},{"@type":"BreadcrumbList","@id":"https:\/\/www.studiobianconi.it\/de\/geschichte\/#breadcrumb","itemListElement":[{"@type":"ListItem","position":1,"name":"Home","item":"https:\/\/www.studiobianconi.it\/de\/"},{"@type":"ListItem","position":2,"name":"Geschichte"}]},{"@type":"WebSite","@id":"https:\/\/www.studiobianconi.it\/de\/#website","url":"https:\/\/www.studiobianconi.it\/de\/","name":"Studio Bianconi","description":"Studio Bianconi","publisher":{"@id":"https:\/\/www.studiobianconi.it\/de\/#organization"},"potentialAction":[{"@type":"SearchAction","target":{"@type":"EntryPoint","urlTemplate":"https:\/\/www.studiobianconi.it\/de\/?s={search_term_string}"},"query-input":{"@type":"PropertyValueSpecification","valueRequired":true,"valueName":"search_term_string"}}],"inLanguage":"de"},{"@type":"Organization","@id":"https:\/\/www.studiobianconi.it\/de\/#organization","name":"Studio Bianconi","url":"https:\/\/www.studiobianconi.it\/de\/","logo":{"@type":"ImageObject","inLanguage":"de","@id":"https:\/\/www.studiobianconi.it\/de\/#\/schema\/logo\/image\/","url":"https:\/\/www.studiobianconi.it\/wp-content\/uploads\/2014\/11\/Logo-Bianconi-Finale-180x80.png","contentUrl":"https:\/\/www.studiobianconi.it\/wp-content\/uploads\/2014\/11\/Logo-Bianconi-Finale-180x80.png","width":180,"height":77,"caption":"Studio Bianconi"},"image":{"@id":"https:\/\/www.studiobianconi.it\/de\/#\/schema\/logo\/image\/"},"sameAs":["http:\/\/www.facebook.com\/studiobianconi","http:\/\/it.linkedin.com\/in\/bianconistefano"]}]}},"_links":{"self":[{"href":"https:\/\/www.studiobianconi.it\/de\/wp-json\/wp\/v2\/pages\/2569","targetHints":{"allow":["GET"]}}],"collection":[{"href":"https:\/\/www.studiobianconi.it\/de\/wp-json\/wp\/v2\/pages"}],"about":[{"href":"https:\/\/www.studiobianconi.it\/de\/wp-json\/wp\/v2\/types\/page"}],"author":[{"embeddable":true,"href":"https:\/\/www.studiobianconi.it\/de\/wp-json\/wp\/v2\/users\/1"}],"replies":[{"embeddable":true,"href":"https:\/\/www.studiobianconi.it\/de\/wp-json\/wp\/v2\/comments?post=2569"}],"version-history":[{"count":11,"href":"https:\/\/www.studiobianconi.it\/de\/wp-json\/wp\/v2\/pages\/2569\/revisions"}],"predecessor-version":[{"id":3310,"href":"https:\/\/www.studiobianconi.it\/de\/wp-json\/wp\/v2\/pages\/2569\/revisions\/3310"}],"wp:attachment":[{"href":"https:\/\/www.studiobianconi.it\/de\/wp-json\/wp\/v2\/media?parent=2569"}],"curies":[{"name":"wp","href":"https:\/\/api.w.org\/{rel}","templated":true}]}}